{"id":473,"date":"2023-06-03T13:25:36","date_gmt":"2023-06-03T11:25:36","guid":{"rendered":"https:\/\/safeunlocks.com\/fr\/?page_id=473"},"modified":"2023-06-03T13:25:37","modified_gmt":"2023-06-03T11:25:37","slug":"conditions-dutilisation","status":"publish","type":"page","link":"https:\/\/safeunlocks.com\/fr\/conditions-dutilisation\/","title":{"rendered":"Conditions d&#8217;utilisation"},"content":{"rendered":"\n<p>Bienvenue sur SafeUnlocks.com, un site web qui met en relation les utilisateurs avec des fournisseurs de d\u00e9blocage de t\u00e9l\u00e9phones. En utilisant notre site web, vous acceptez d&#8217;\u00eatre li\u00e9 par les termes et conditions suivants (les &#8220;Conditions d&#8217;utilisation&#8221; ou &#8220;CDU&#8221;). Si vous n&#8217;acceptez pas ces CDU, vous ne pouvez pas utiliser notre site web. Accord entre l&#8217;utilisateur et le fournisseur :<\/p>\n\n\n\n<p>L&#8217;accord pour les services de d\u00e9blocage de t\u00e9l\u00e9phone est conclu entre l&#8217;utilisateur et le fournisseur, et SafeUnlocks.com agit uniquement en tant qu&#8217;interm\u00e9diaire et interface. SafeUnlocks.com n&#8217;est pas partie \u00e0 l&#8217;accord et n&#8217;a aucune responsabilit\u00e9 l\u00e9gale pour les services fournis par le fournisseur. Utilisation des noms de produits, logos et marques :<\/p>\n\n\n\n<p>Tous les noms de produits, logos et marques affich\u00e9s sur notre site web sont la propri\u00e9t\u00e9 de leurs propri\u00e9taires respectifs. L&#8217;utilisation de ces noms, logos et marques n&#8217;implique pas l&#8217;approbation de SafeUnlocks.com. Blog ind\u00e9pendant :<\/p>\n\n\n\n<p>SafeUnlocks.com est un blog ind\u00e9pendant et n&#8217;est pas affili\u00e9 \u00e0 Apple, Inc. Nous ne vendons pas et n&#8217;h\u00e9bergeons pas de services ou d&#8217;outils de jailbreak. Nous ne faisons que fournir des liens vers des sources officielles. Clause de non-responsabilit\u00e9 :<\/p>\n\n\n\n<p>Les services de d\u00e9blocage de t\u00e9l\u00e9phone fournis par les fournisseurs via notre site web le sont &#8220;tels quels&#8221; et &#8220;selon disponibilit\u00e9&#8221;. SafeUnlocks.com ne fait aucune d\u00e9claration ni garantie d&#8217;aucune sorte, expresse ou implicite, quant au fonctionnement des services ou aux informations, contenus, mat\u00e9riaux ou produits inclus sur notre site web. SafeUnlocks.com ne garantit pas que le site web ou les services seront ininterrompus ou exempts d&#8217;erreurs. Limitation de responsabilit\u00e9 :<\/p>\n\n\n\n<p>En aucun cas SafeUnlocks.com, ses dirigeants, directeurs, employ\u00e9s ou agents ne pourront \u00eatre tenus responsables de quelque dommage que ce soit, y compris, mais sans s&#8217;y limiter, les dommages directs, indirects, sp\u00e9ciaux, accessoires ou cons\u00e9cutifs d\u00e9coulant de l&#8217;utilisation de notre site web ou des services fournis par celui-ci. Indemnisation :<\/p>\n\n\n\n<p>Vous acceptez d&#8217;indemniser et de d\u00e9gager SafeUnlocks.com, ses dirigeants, directeurs, employ\u00e9s et agents de toute r\u00e9clamation, responsabilit\u00e9, dommage, perte et d\u00e9pense, y compris, sans s&#8217;y limiter, les honoraires d&#8217;avocat raisonnables et les co\u00fbts, d\u00e9coulant de votre utilisation de notre site web ou de nos services. Modifications des CDU :<\/p>\n\n\n\n<p>SafeUnlocks.com se r\u00e9serve le droit d&#8217;apporter des modifications \u00e0 ces CDU \u00e0 tout moment. Votre utilisation continue du site web apr\u00e8s toute modification indique votre acceptation des nouvelles CDU. Droit applicable :<\/p>\n\n\n\n<p>Ces CDU et votre utilisation de notre site web seront r\u00e9gis et interpr\u00e9t\u00e9s conform\u00e9ment aux lois des \u00c9tats-Unis, sans donner effet \u00e0 aucun principe de conflit de lois.<\/p>\n\n\n\n<p>En utilisant notre site web, vous reconnaissez avoir lu et compris ces CDU et acceptez d&#8217;y \u00eatre li\u00e9.<\/p>\n","protected":false},"excerpt":{"rendered":"<p>Bienvenue sur SafeUnlocks.com, un site web qui met en relation les utilisateurs avec des fournisseurs de d\u00e9blocage de t\u00e9l\u00e9phones. En utilisant notre site web, vous acceptez d&#8217;\u00eatre li\u00e9 par les termes et conditions suivants (les &#8220;Conditions d&#8217;utilisation&#8221; ou &#8220;CDU&#8221;). Si vous n&#8217;acceptez pas ces CDU, vous ne pouvez pas utiliser notre site web. Accord entre [&hellip;]<\/p>\n","protected":false},"author":3,"featured_media":0,"parent":0,"menu_order":0,"comment_status":"closed","ping_status":"closed","template":"","meta":{"site-sidebar-layout":"default","site-content-layout":"","ast-site-content-layout":"","site-content-style":"default","site-sidebar-style":"default","ast-global-header-display":"","ast-banner-title-visibility":"","ast-main-header-display":"","ast-hfb-above-header-display":"","ast-hfb-below-header-display":"","ast-hfb-mobile-header-display":"","site-post-title":"","ast-breadcrumbs-content":"","ast-featured-img":"","footer-sml-layout":"","theme-transparent-header-meta":"","adv-header-id-meta":"","stick-header-meta":"","header-above-stick-meta":"","header-main-stick-meta":"","header-below-stick-meta":"","astra-migrate-meta-layouts":"default","ast-page-background-enabled":"default","ast-page-background-meta":{"desktop":{"background-color":"var(--ast-global-color-4)","background-image":"","background-repeat":"repeat","background-position":"center center","background-size":"auto","background-attachment":"scroll","background-type":"","background-media":"","overlay-type":"","overlay-color":"","overlay-opacity":"","overlay-gradient":""},"tablet":{"background-color":"","background-image":"","background-repeat":"repeat","background-position":"center center","background-size":"auto","background-attachment":"scroll","background-type":"","background-media":"","overlay-type":"","overlay-color":"","overlay-opacity":"","overlay-gradient":""},"mobile":{"background-color":"","background-image":"","background-repeat":"repeat","background-position":"center center","background-size":"auto","background-attachment":"scroll","background-type":"","background-media":"","overlay-type":"","overlay-color":"","overlay-opacity":"","overlay-gradient":""}},"ast-content-background-meta":{"desktop":{"background-color":"var(--ast-global-color-5)","background-image":"","background-repeat":"repeat","background-position":"center center","background-size":"auto","background-attachment":"scroll","background-type":"","background-media":"","overlay-type":"","overlay-color":"","overlay-opacity":"","overlay-gradient":""},"tablet":{"background-color":"var(--ast-global-color-5)","background-image":"","background-repeat":"repeat","background-position":"center center","background-size":"auto","background-attachment":"scroll","background-type":"","background-media":"","overlay-type":"","overlay-color":"","overlay-opacity":"","overlay-gradient":""},"mobile":{"background-color":"var(--ast-global-color-5)","background-image":"","background-repeat":"repeat","background-position":"center center","background-size":"auto","background-attachment":"scroll","background-type":"","background-media":"","overlay-type":"","overlay-color":"","overlay-opacity":"","overlay-gradient":""}},"footnotes":""},"class_list":["post-473","page","type-page","status-publish","hentry"],"_links":{"self":[{"href":"https:\/\/safeunlocks.com\/fr\/wp-json\/wp\/v2\/pages\/473","targetHints":{"allow":["GET"]}}],"collection":[{"href":"https:\/\/safeunlocks.com\/fr\/wp-json\/wp\/v2\/pages"}],"about":[{"href":"https:\/\/safeunlocks.com\/fr\/wp-json\/wp\/v2\/types\/page"}],"author":[{"embeddable":true,"href":"https:\/\/safeunlocks.com\/fr\/wp-json\/wp\/v2\/users\/3"}],"replies":[{"embeddable":true,"href":"https:\/\/safeunlocks.com\/fr\/wp-json\/wp\/v2\/comments?post=473"}],"version-history":[{"count":0,"href":"https:\/\/safeunlocks.com\/fr\/wp-json\/wp\/v2\/pages\/473\/revisions"}],"wp:attachment":[{"href":"https:\/\/safeunlocks.com\/fr\/wp-json\/wp\/v2\/media?parent=473"}],"curies":[{"name":"wp","href":"https:\/\/api.w.org\/{rel}","templated":true}]}}