{"id":471,"date":"2023-06-03T13:23:36","date_gmt":"2023-06-03T11:23:36","guid":{"rendered":"https:\/\/safeunlocks.com\/fr\/?page_id=471"},"modified":"2023-06-03T13:23:36","modified_gmt":"2023-06-03T11:23:36","slug":"politique-de-confidentialite","status":"publish","type":"page","link":"https:\/\/safeunlocks.com\/fr\/politique-de-confidentialite\/","title":{"rendered":"Politique de confidentialit\u00e9"},"content":{"rendered":"\n<p>SafeUnlocks.com (&#8220;nous&#8221; ou &#8220;notre&#8221;) s&#8217;engage \u00e0 prot\u00e9ger la confidentialit\u00e9 de nos clients et des visiteurs de notre site web. Cette politique de confidentialit\u00e9 explique les types d&#8217;informations que nous pouvons collecter et comment nous pouvons utiliser ces informations.<\/p>\n\n\n\n<p>Informations que nous collectons<\/p>\n\n\n\n<p>Lorsque vous visitez notre site web, nous pouvons collecter certaines informations vous concernant, telles que votre nom, votre adresse e-mail, le mod\u00e8le de votre t\u00e9l\u00e9phone, le num\u00e9ro IMEI ou de s\u00e9rie, et d&#8217;autres donn\u00e9es de base. Ces informations sont utilis\u00e9es pour faciliter le d\u00e9blocage de votre appareil avec un fournisseur.<\/p>\n\n\n\n<p>Nous pouvons \u00e9galement collecter des informations sur votre utilisation de notre site web, telles que votre historique de navigation, les pages que vous visitez et les liens sur lesquels vous cliquez. Ces informations sont collect\u00e9es \u00e0 l&#8217;aide de technologies de suivi telles que les cookies et les balises web.<\/p>\n\n\n\n<p>Nous utilisons Google Analytics et d&#8217;autres logiciels de suivi pour collecter des informations sur votre utilisation de notre site web. Ces informations sont utilis\u00e9es pour am\u00e9liorer la fonctionnalit\u00e9 et l&#8217;exp\u00e9rience utilisateur de notre site web.<\/p>\n\n\n\n<h2 class=\"wp-block-heading\">Contenu int\u00e9gr\u00e9<\/h2>\n\n\n\n<p>Notre site web peut inclure du contenu int\u00e9gr\u00e9, comme des vid\u00e9os YouTube. Le contenu int\u00e9gr\u00e9 \u00e0 partir d&#8217;autres sites web se comporte de la m\u00eame mani\u00e8re que si le visiteur avait visit\u00e9 l&#8217;autre site web. Ces sites web peuvent collecter des donn\u00e9es vous concernant, utiliser des cookies, int\u00e9grer des syst\u00e8mes de suivi tiers suppl\u00e9mentaires et surveiller votre interaction avec ce contenu int\u00e9gr\u00e9, y compris le suivi de votre interaction avec le contenu int\u00e9gr\u00e9 si vous avez un compte et \u00eates connect\u00e9 \u00e0 ce site web.<\/p>\n\n\n\n<h2 class=\"wp-block-heading\">Formulaires<\/h2>\n\n\n\n<p>Notre site web peut inclure des formulaires que vous pouvez remplir pour demander des informations ou des services. Ces formulaires peuvent collecter des informations personnelles telles que votre nom, votre adresse e-mail et votre num\u00e9ro de t\u00e9l\u00e9phone. Ces informations sont utilis\u00e9es pour vous contacter et vous fournir les informations ou services demand\u00e9s.<\/p>\n\n\n\n<h2 class=\"wp-block-heading\">Utilisation des informations<\/h2>\n\n\n\n<p>Les informations que nous collectons sont utilis\u00e9es pour am\u00e9liorer la fonctionnalit\u00e9 et l&#8217;exp\u00e9rience utilisateur de notre site web, faciliter le d\u00e9blocage des appareils avec les fournisseurs, et vous contacter en r\u00e9ponse \u00e0 des demandes d&#8217;informations ou de services.<\/p>\n\n\n\n<p>Nous pouvons \u00e9galement utiliser les informations que nous collectons pour vous envoyer des e-mails promotionnels ou des publicit\u00e9s. Vous pouvez vous d\u00e9sabonner de la r\u00e9ception d&#8217;e-mails promotionnels en suivant les instructions de d\u00e9sabonnement dans l&#8217;e-mail.<\/p>\n\n\n\n<h2 class=\"wp-block-heading\">Divulgation des informations<\/h2>\n\n\n\n<p>Nous pouvons divulguer vos informations personnelles \u00e0 des tiers, tels que des fournisseurs, pour faciliter le d\u00e9blocage des appareils. Nous pouvons \u00e9galement divulguer vos informations personnelles \u00e0 nos prestataires de services, tels que des soci\u00e9t\u00e9s d&#8217;h\u00e9bergement de sites web et des soci\u00e9t\u00e9s de marketing, pour nous aider dans l&#8217;exploitation de notre activit\u00e9.<\/p>\n\n\n\n<h2 class=\"wp-block-heading\">S\u00e9curit\u00e9<\/h2>\n\n\n\n<p>Nous prenons des mesures raisonnables pour prot\u00e9ger les informations personnelles que nous collectons contre la perte, l&#8217;utilisation abusive et l&#8217;acc\u00e8s, la divulgation, l&#8217;alt\u00e9ration et la destruction non autoris\u00e9es. Cependant, aucune m\u00e9thode de transmission sur Internet ou de stockage \u00e9lectronique n&#8217;est totalement s\u00e9curis\u00e9e. Par cons\u00e9quent, nous ne pouvons garantir la s\u00e9curit\u00e9 absolue de vos informations personnelles.<\/p>\n\n\n\n<h2 class=\"wp-block-heading\">Vos droits<\/h2>\n\n\n\n<p>Vous avez le droit d&#8217;acc\u00e9der \u00e0 vos informations personnelles, de les corriger et de les supprimer. Vous avez \u00e9galement le droit de vous opposer au traitement de vos informations personnelles \u00e0 des fins de marketing direct.<\/p>\n\n\n\n<h2 class=\"wp-block-heading\">Modifications de cette politique de confidentialit\u00e9<\/h2>\n\n\n\n<p>Nous pouvons mettre \u00e0 jour cette politique de confidentialit\u00e9 de temps \u00e0 autre pour refl\u00e9ter les changements dans nos pratiques en mati\u00e8re de confidentialit\u00e9. Nous vous informerons de tout changement \u00e0 cette politique de confidentialit\u00e9 en publiant la nouvelle politique de confidentialit\u00e9 sur notre site web.<\/p>\n\n\n\n<h2 class=\"wp-block-heading\">Contact<\/h2>\n\n\n\n<p>Si vous avez des questions ou des pr\u00e9occupations concernant nos pratiques en mati\u00e8re de confidentialit\u00e9, veuillez nous contacter \u00e0 l&#8217;adresse [ins\u00e9rer adresse e-mail ou num\u00e9ro de t\u00e9l\u00e9phone de contact].<\/p>\n\n\n\n<h2 class=\"wp-block-heading\">Acceptation de la politique de confidentialit\u00e9<\/h2>\n\n\n\n<p>En utilisant notre site web, vous consentez \u00e0 la collecte et \u00e0 l&#8217;utilisation de vos informations personnelles telles que d\u00e9crites dans cette politique de confidentialit\u00e9.<\/p>\n","protected":false},"excerpt":{"rendered":"<p>SafeUnlocks.com (&#8220;nous&#8221; ou &#8220;notre&#8221;) s&#8217;engage \u00e0 prot\u00e9ger la confidentialit\u00e9 de nos clients et des visiteurs de notre site web. Cette politique de confidentialit\u00e9 explique les types d&#8217;informations que nous pouvons collecter et comment nous pouvons utiliser ces informations. Informations que nous collectons Lorsque vous visitez notre site web, nous pouvons collecter certaines informations vous concernant, [&hellip;]<\/p>\n","protected":false},"author":3,"featured_media":0,"parent":0,"menu_order":0,"comment_status":"closed","ping_status":"closed","template":"","meta":{"site-sidebar-layout":"default","site-content-layout":"","ast-site-content-layout":"","site-content-style":"default","site-sidebar-style":"default","ast-global-header-display":"","ast-banner-title-visibility":"","ast-main-header-display":"","ast-hfb-above-header-display":"","ast-hfb-below-header-display":"","ast-hfb-mobile-header-display":"","site-post-title":"","ast-breadcrumbs-content":"","ast-featured-img":"","footer-sml-layout":"","theme-transparent-header-meta":"","adv-header-id-meta":"","stick-header-meta":"","header-above-stick-meta":"","header-main-stick-meta":"","header-below-stick-meta":"","astra-migrate-meta-layouts":"default","ast-page-background-enabled":"default","ast-page-background-meta":{"desktop":{"background-color":"var(--ast-global-color-4)","background-image":"","background-repeat":"repeat","background-position":"center center","background-size":"auto","background-attachment":"scroll","background-type":"","background-media":"","overlay-type":"","overlay-color":"","overlay-opacity":"","overlay-gradient":""},"tablet":{"background-color":"","background-image":"","background-repeat":"repeat","background-position":"center center","background-size":"auto","background-attachment":"scroll","background-type":"","background-media":"","overlay-type":"","overlay-color":"","overlay-opacity":"","overlay-gradient":""},"mobile":{"background-color":"","background-image":"","background-repeat":"repeat","background-position":"center center","background-size":"auto","background-attachment":"scroll","background-type":"","background-media":"","overlay-type":"","overlay-color":"","overlay-opacity":"","overlay-gradient":""}},"ast-content-background-meta":{"desktop":{"background-color":"var(--ast-global-color-5)","background-image":"","background-repeat":"repeat","background-position":"center center","background-size":"auto","background-attachment":"scroll","background-type":"","background-media":"","overlay-type":"","overlay-color":"","overlay-opacity":"","overlay-gradient":""},"tablet":{"background-color":"var(--ast-global-color-5)","background-image":"","background-repeat":"repeat","background-position":"center center","background-size":"auto","background-attachment":"scroll","background-type":"","background-media":"","overlay-type":"","overlay-color":"","overlay-opacity":"","overlay-gradient":""},"mobile":{"background-color":"var(--ast-global-color-5)","background-image":"","background-repeat":"repeat","background-position":"center center","background-size":"auto","background-attachment":"scroll","background-type":"","background-media":"","overlay-type":"","overlay-color":"","overlay-opacity":"","overlay-gradient":""}},"footnotes":""},"class_list":["post-471","page","type-page","status-publish","hentry"],"_links":{"self":[{"href":"https:\/\/safeunlocks.com\/fr\/wp-json\/wp\/v2\/pages\/471","targetHints":{"allow":["GET"]}}],"collection":[{"href":"https:\/\/safeunlocks.com\/fr\/wp-json\/wp\/v2\/pages"}],"about":[{"href":"https:\/\/safeunlocks.com\/fr\/wp-json\/wp\/v2\/types\/page"}],"author":[{"embeddable":true,"href":"https:\/\/safeunlocks.com\/fr\/wp-json\/wp\/v2\/users\/3"}],"replies":[{"embeddable":true,"href":"https:\/\/safeunlocks.com\/fr\/wp-json\/wp\/v2\/comments?post=471"}],"version-history":[{"count":0,"href":"https:\/\/safeunlocks.com\/fr\/wp-json\/wp\/v2\/pages\/471\/revisions"}],"wp:attachment":[{"href":"https:\/\/safeunlocks.com\/fr\/wp-json\/wp\/v2\/media?parent=471"}],"curies":[{"name":"wp","href":"https:\/\/api.w.org\/{rel}","templated":true}]}}