{"id":284,"date":"2023-05-27T18:48:46","date_gmt":"2023-05-27T16:48:46","guid":{"rendered":"https:\/\/safeunlocks.com\/fr\/?page_id=284"},"modified":"2023-05-27T18:50:26","modified_gmt":"2023-05-27T16:50:26","slug":"blog","status":"publish","type":"page","link":"https:\/\/safeunlocks.com\/fr\/blog\/","title":{"rendered":"Blog"},"content":{"rendered":"\t\t<div data-elementor-type=\"wp-page\" data-elementor-id=\"284\" class=\"elementor elementor-284\" data-elementor-post-type=\"page\">\n\t\t\t\t\t\t<section data-uael-partstyle=\"default\" data-uael-partcolor=\"\" data-uael-partopacity=\"0.1\" data-uael-partdirection=\"bottom\" class=\"elementor-section elementor-top-section elementor-element elementor-element-cea6565 elementor-section-height-min-height uael-particle-yes elementor-section-boxed elementor-section-height-default elementor-section-items-middle uael-particle-adv-no\" data-id=\"cea6565\" data-element_type=\"section\" data-settings=\"{&quot;background_background&quot;:&quot;classic&quot;}\">\n\t\t\t\t\t\t<div class=\"elementor-container elementor-column-gap-default\">\n\t\t\t\t\t<div class=\"elementor-column elementor-col-100 elementor-top-column elementor-element elementor-element-0dddc25\" data-id=\"0dddc25\" data-element_type=\"column\">\n\t\t\t<div class=\"elementor-widget-wrap elementor-element-populated\">\n\t\t\t\t\t\t<div class=\"elementor-element elementor-element-17dced4 elementor-widget elementor-widget-text-editor\" data-id=\"17dced4\" data-element_type=\"widget\" data-widget_type=\"text-editor.default\">\n\t\t\t\t<div class=\"elementor-widget-container\">\n\t\t\t\t\t\t\t\t\t<p>apprendre de notre exp\u00e9rience de d\u00e9verrouillage<\/p>\t\t\t\t\t\t\t\t<\/div>\n\t\t\t\t<\/div>\n\t\t\t\t<div class=\"elementor-element elementor-element-5beced5 uael-dual-heading-align-center elementor-widget elementor-widget-uael-dual-color-heading\" data-id=\"5beced5\" data-element_type=\"widget\" data-widget_type=\"uael-dual-color-heading.default\">\n\t\t\t\t<div class=\"elementor-widget-container\">\n\t\t\t\t\t\t\t\t\t<div class=\"uael-module-content uael-dual-color-heading uael-dual-heading-fill-yes uael-heading-stack-tablet\">\n\t\t\t<h1>\n\t\t\t\t\t\t\t\t\t\t\t\t\t\t\t\t<span class=\"uael-before-heading\"><span class=\"elementor-inline-editing uael-dual-heading-text uael-first-text\" data-elementor-setting-key=\"before_heading_text\" data-elementor-inline-editing-toolbar=\"basic\">SafeUnlocks<\/span><\/span><span class=\"uael-adv-heading-stack\"><span class=\"elementor-inline-editing uael-dual-heading-text uael-highlight-text\" data-elementor-setting-key=\"second_heading_text\" data-elementor-inline-editing-toolbar=\"basic\">Blog<\/span><\/span>\t\t\t\t\t\t\t\t\t\t\t\t\t<\/h1>\n\t\t<\/div>\n\t\t\t\t\t\t<\/div>\n\t\t\t\t<\/div>\n\t\t\t\t\t<\/div>\n\t\t<\/div>\n\t\t\t\t\t<\/div>\n\t\t<\/section>\n\t\t\t\t<section class=\"elementor-section elementor-top-section elementor-element elementor-element-b7cf84a elementor-section-boxed elementor-section-height-default elementor-section-height-default\" data-id=\"b7cf84a\" data-element_type=\"section\">\n\t\t\t\t\t\t<div class=\"elementor-container elementor-column-gap-default\">\n\t\t\t\t\t<div class=\"elementor-column elementor-col-100 elementor-top-column elementor-element elementor-element-5e4ffd7\" data-id=\"5e4ffd7\" data-element_type=\"column\">\n\t\t\t<div class=\"elementor-widget-wrap elementor-element-populated\">\n\t\t\t\t\t\t<div class=\"elementor-element elementor-element-4adc9f7 elementor-grid-3 elementor-grid-tablet-2 elementor-grid-mobile-1 elementor-posts--thumbnail-top elementor-widget elementor-widget-posts\" data-id=\"4adc9f7\" data-element_type=\"widget\" data-settings=\"{&quot;classic_columns&quot;:&quot;3&quot;,&quot;classic_columns_tablet&quot;:&quot;2&quot;,&quot;classic_columns_mobile&quot;:&quot;1&quot;,&quot;classic_row_gap&quot;:{&quot;unit&quot;:&quot;px&quot;,&quot;size&quot;:35,&quot;sizes&quot;:[]},&quot;classic_row_gap_tablet&quot;:{&quot;unit&quot;:&quot;px&quot;,&quot;size&quot;:&quot;&quot;,&quot;sizes&quot;:[]},&quot;classic_row_gap_mobile&quot;:{&quot;unit&quot;:&quot;px&quot;,&quot;size&quot;:&quot;&quot;,&quot;sizes&quot;:[]}}\" data-widget_type=\"posts.classic\">\n\t\t\t\t<div class=\"elementor-widget-container\">\n\t\t\t\t\t\t\t<div class=\"elementor-posts-container elementor-posts elementor-posts--skin-classic elementor-grid\" role=\"list\">\n\t\t\t\t<article class=\"elementor-post elementor-grid-item post-643 post type-post status-publish format-standard has-post-thumbnail hentry category-desimlocker\" role=\"listitem\">\n\t\t\t\t<a class=\"elementor-post__thumbnail__link\" href=\"https:\/\/safeunlocks.com\/fr\/desimlocker-salt\/\" tabindex=\"-1\">\n\t\t\t<div class=\"elementor-post__thumbnail\"><img fetchpriority=\"high\" decoding=\"async\" width=\"300\" height=\"169\" src=\"https:\/\/safeunlocks.com\/fr\/wp-content\/uploads\/2023\/06\/Comment-desimlocker-Salt-debloquer-pour-un-autre-operateur-300x169.png\" class=\"attachment-medium size-medium wp-image-645\" alt=\"\" srcset=\"https:\/\/safeunlocks.com\/fr\/wp-content\/uploads\/2023\/06\/Comment-desimlocker-Salt-debloquer-pour-un-autre-operateur-300x169.png 300w, https:\/\/safeunlocks.com\/fr\/wp-content\/uploads\/2023\/06\/Comment-desimlocker-Salt-debloquer-pour-un-autre-operateur-1024x576.png 1024w, https:\/\/safeunlocks.com\/fr\/wp-content\/uploads\/2023\/06\/Comment-desimlocker-Salt-debloquer-pour-un-autre-operateur-768x432.png 768w, https:\/\/safeunlocks.com\/fr\/wp-content\/uploads\/2023\/06\/Comment-desimlocker-Salt-debloquer-pour-un-autre-operateur-1536x864.png 1536w, https:\/\/safeunlocks.com\/fr\/wp-content\/uploads\/2023\/06\/Comment-desimlocker-Salt-debloquer-pour-un-autre-operateur.png 1920w\" sizes=\"(max-width: 300px) 100vw, 300px\" \/><\/div>\n\t\t<\/a>\n\t\t\t\t<div class=\"elementor-post__text\">\n\t\t\t\t<h3 class=\"elementor-post__title\">\n\t\t\t<a href=\"https:\/\/safeunlocks.com\/fr\/desimlocker-salt\/\">\n\t\t\t\tComment d\u00e9simlocker Salt ? D\u00e9bloquer pour un autre op\u00e9rateur\u00a0\u00a0\t\t\t<\/a>\n\t\t<\/h3>\n\t\t\t\t<div class=\"elementor-post__meta-data\">\n\t\t\t\t\t<span class=\"elementor-post-date\">\n\t\t\t13 September 2023\t\t<\/span>\n\t\t\t\t<span class=\"elementor-post-avatar\">\n\t\t\tNo Comments\t\t<\/span>\n\t\t\t\t<\/div>\n\t\t\t\t<div class=\"elementor-post__excerpt\">\n\t\t\t<p>D\u00e9simlocker Salt : Un grand assortiment de t\u00e9l\u00e9phones mobiles est commercialis\u00e9 en Suisse par les prestataires de services avec une limitation de la SIM, ce<\/p>\n\t\t<\/div>\n\t\t\n\t\t<a class=\"elementor-post__read-more\" href=\"https:\/\/safeunlocks.com\/fr\/desimlocker-salt\/\" aria-label=\"Read more about Comment d\u00e9simlocker Salt ? D\u00e9bloquer pour un autre op\u00e9rateur\u00a0\u00a0\" tabindex=\"-1\">\n\t\t\tRead More \u00bb\t\t<\/a>\n\n\t\t\t\t<\/div>\n\t\t\t\t<\/article>\n\t\t\t\t<article class=\"elementor-post elementor-grid-item post-628 post type-post status-publish format-standard has-post-thumbnail hentry category-desimlocker\" role=\"listitem\">\n\t\t\t\t<a class=\"elementor-post__thumbnail__link\" href=\"https:\/\/safeunlocks.com\/fr\/desimlocker-sunrise\/\" tabindex=\"-1\">\n\t\t\t<div class=\"elementor-post__thumbnail\"><img decoding=\"async\" width=\"300\" height=\"169\" src=\"https:\/\/safeunlocks.com\/fr\/wp-content\/uploads\/2023\/06\/Desimlocker-Sunrise-et-beneficiez-dutiliser-divers-SIM--300x169.png\" class=\"attachment-medium size-medium wp-image-631\" alt=\"\" srcset=\"https:\/\/safeunlocks.com\/fr\/wp-content\/uploads\/2023\/06\/Desimlocker-Sunrise-et-beneficiez-dutiliser-divers-SIM--300x169.png 300w, https:\/\/safeunlocks.com\/fr\/wp-content\/uploads\/2023\/06\/Desimlocker-Sunrise-et-beneficiez-dutiliser-divers-SIM--1024x576.png 1024w, https:\/\/safeunlocks.com\/fr\/wp-content\/uploads\/2023\/06\/Desimlocker-Sunrise-et-beneficiez-dutiliser-divers-SIM--768x432.png 768w, https:\/\/safeunlocks.com\/fr\/wp-content\/uploads\/2023\/06\/Desimlocker-Sunrise-et-beneficiez-dutiliser-divers-SIM--1536x864.png 1536w, https:\/\/safeunlocks.com\/fr\/wp-content\/uploads\/2023\/06\/Desimlocker-Sunrise-et-beneficiez-dutiliser-divers-SIM-.png 1920w\" sizes=\"(max-width: 300px) 100vw, 300px\" \/><\/div>\n\t\t<\/a>\n\t\t\t\t<div class=\"elementor-post__text\">\n\t\t\t\t<h3 class=\"elementor-post__title\">\n\t\t\t<a href=\"https:\/\/safeunlocks.com\/fr\/desimlocker-sunrise\/\">\n\t\t\t\tD\u00e9simlocker Sunrise et b\u00e9n\u00e9ficiez d&#8217;utiliser divers SIM !\t\t\t<\/a>\n\t\t<\/h3>\n\t\t\t\t<div class=\"elementor-post__meta-data\">\n\t\t\t\t\t<span class=\"elementor-post-date\">\n\t\t\t6 September 2023\t\t<\/span>\n\t\t\t\t<span class=\"elementor-post-avatar\">\n\t\t\tNo Comments\t\t<\/span>\n\t\t\t\t<\/div>\n\t\t\t\t<div class=\"elementor-post__excerpt\">\n\t\t\t<p>D\u00e9simlocker Sunrise : Dans cet article, nous aborderons le th\u00e8me du d\u00e9blocage des t\u00e9l\u00e9phones Sunrise. Le d\u00e9blocage consiste \u00e0 lib\u00e9rer votre dispositif Sunrise afin de<\/p>\n\t\t<\/div>\n\t\t\n\t\t<a class=\"elementor-post__read-more\" href=\"https:\/\/safeunlocks.com\/fr\/desimlocker-sunrise\/\" aria-label=\"Read more about D\u00e9simlocker Sunrise et b\u00e9n\u00e9ficiez d&#8217;utiliser divers SIM !\" tabindex=\"-1\">\n\t\t\tRead More \u00bb\t\t<\/a>\n\n\t\t\t\t<\/div>\n\t\t\t\t<\/article>\n\t\t\t\t<article class=\"elementor-post elementor-grid-item post-526 post type-post status-publish format-standard has-post-thumbnail hentry category-desimlocker\" role=\"listitem\">\n\t\t\t\t<a class=\"elementor-post__thumbnail__link\" href=\"https:\/\/safeunlocks.com\/fr\/desimlocker-post-luxembourg\/\" tabindex=\"-1\">\n\t\t\t<div class=\"elementor-post__thumbnail\"><img decoding=\"async\" width=\"300\" height=\"169\" src=\"https:\/\/safeunlocks.com\/fr\/wp-content\/uploads\/2023\/06\/Desimlocker-Post-Luxembourg-pour-explorez-sans-limites--300x169.png\" class=\"attachment-medium size-medium wp-image-527\" alt=\"\" srcset=\"https:\/\/safeunlocks.com\/fr\/wp-content\/uploads\/2023\/06\/Desimlocker-Post-Luxembourg-pour-explorez-sans-limites--300x169.png 300w, https:\/\/safeunlocks.com\/fr\/wp-content\/uploads\/2023\/06\/Desimlocker-Post-Luxembourg-pour-explorez-sans-limites--1024x576.png 1024w, https:\/\/safeunlocks.com\/fr\/wp-content\/uploads\/2023\/06\/Desimlocker-Post-Luxembourg-pour-explorez-sans-limites--768x432.png 768w, https:\/\/safeunlocks.com\/fr\/wp-content\/uploads\/2023\/06\/Desimlocker-Post-Luxembourg-pour-explorez-sans-limites--1536x864.png 1536w, https:\/\/safeunlocks.com\/fr\/wp-content\/uploads\/2023\/06\/Desimlocker-Post-Luxembourg-pour-explorez-sans-limites-.png 1920w\" sizes=\"(max-width: 300px) 100vw, 300px\" \/><\/div>\n\t\t<\/a>\n\t\t\t\t<div class=\"elementor-post__text\">\n\t\t\t\t<h3 class=\"elementor-post__title\">\n\t\t\t<a href=\"https:\/\/safeunlocks.com\/fr\/desimlocker-post-luxembourg\/\">\n\t\t\t\tD\u00e9simlocker Post Luxembourg pour explorez sans limites !\t\t\t<\/a>\n\t\t<\/h3>\n\t\t\t\t<div class=\"elementor-post__meta-data\">\n\t\t\t\t\t<span class=\"elementor-post-date\">\n\t\t\t30 August 2023\t\t<\/span>\n\t\t\t\t<span class=\"elementor-post-avatar\">\n\t\t\tNo Comments\t\t<\/span>\n\t\t\t\t<\/div>\n\t\t\t\t<div class=\"elementor-post__excerpt\">\n\t\t\t<p>D\u00e9simlocker Post Luxembourg : Dans notre soci\u00e9t\u00e9 o\u00f9 la communication occupe une place primordiale, il est crucial de pouvoir utiliser son t\u00e9l\u00e9phone portable sans contraintes.<\/p>\n\t\t<\/div>\n\t\t\n\t\t<a class=\"elementor-post__read-more\" href=\"https:\/\/safeunlocks.com\/fr\/desimlocker-post-luxembourg\/\" aria-label=\"Read more about D\u00e9simlocker Post Luxembourg pour explorez sans limites !\" tabindex=\"-1\">\n\t\t\tRead More \u00bb\t\t<\/a>\n\n\t\t\t\t<\/div>\n\t\t\t\t<\/article>\n\t\t\t\t<article class=\"elementor-post elementor-grid-item post-499 post type-post status-publish format-standard has-post-thumbnail hentry category-desimlocker\" role=\"listitem\">\n\t\t\t\t<a class=\"elementor-post__thumbnail__link\" href=\"https:\/\/safeunlocks.com\/fr\/desimlocker-scarlet\/\" tabindex=\"-1\">\n\t\t\t<div class=\"elementor-post__thumbnail\"><img loading=\"lazy\" decoding=\"async\" width=\"300\" height=\"169\" src=\"https:\/\/safeunlocks.com\/fr\/wp-content\/uploads\/2023\/06\/Desimlocker-Scarlet-debloquer-le-telephone-avec-aisance-300x169.png\" class=\"attachment-medium size-medium wp-image-500\" alt=\"\" srcset=\"https:\/\/safeunlocks.com\/fr\/wp-content\/uploads\/2023\/06\/Desimlocker-Scarlet-debloquer-le-telephone-avec-aisance-300x169.png 300w, https:\/\/safeunlocks.com\/fr\/wp-content\/uploads\/2023\/06\/Desimlocker-Scarlet-debloquer-le-telephone-avec-aisance-1024x576.png 1024w, https:\/\/safeunlocks.com\/fr\/wp-content\/uploads\/2023\/06\/Desimlocker-Scarlet-debloquer-le-telephone-avec-aisance-768x432.png 768w, https:\/\/safeunlocks.com\/fr\/wp-content\/uploads\/2023\/06\/Desimlocker-Scarlet-debloquer-le-telephone-avec-aisance-1536x864.png 1536w, https:\/\/safeunlocks.com\/fr\/wp-content\/uploads\/2023\/06\/Desimlocker-Scarlet-debloquer-le-telephone-avec-aisance.png 1920w\" sizes=\"(max-width: 300px) 100vw, 300px\" \/><\/div>\n\t\t<\/a>\n\t\t\t\t<div class=\"elementor-post__text\">\n\t\t\t\t<h3 class=\"elementor-post__title\">\n\t\t\t<a href=\"https:\/\/safeunlocks.com\/fr\/desimlocker-scarlet\/\">\n\t\t\t\tD\u00e9simlocker Scarlet, d\u00e9bloquer le t\u00e9l\u00e9phone avec aisance\t\t\t<\/a>\n\t\t<\/h3>\n\t\t\t\t<div class=\"elementor-post__meta-data\">\n\t\t\t\t\t<span class=\"elementor-post-date\">\n\t\t\t23 August 2023\t\t<\/span>\n\t\t\t\t<span class=\"elementor-post-avatar\">\n\t\t\tNo Comments\t\t<\/span>\n\t\t\t\t<\/div>\n\t\t\t\t<div class=\"elementor-post__excerpt\">\n\t\t\t<p>D\u00e9simlocker Scarlet est une d\u00e9marche essentielle pour les utilisateurs de t\u00e9l\u00e9phones mobiles. Si vous \u00eates abonn\u00e9 au r\u00e9seau de Scarlet et que vous souhaitez utiliser<\/p>\n\t\t<\/div>\n\t\t\n\t\t<a class=\"elementor-post__read-more\" href=\"https:\/\/safeunlocks.com\/fr\/desimlocker-scarlet\/\" aria-label=\"Read more about D\u00e9simlocker Scarlet, d\u00e9bloquer le t\u00e9l\u00e9phone avec aisance\" tabindex=\"-1\">\n\t\t\tRead More \u00bb\t\t<\/a>\n\n\t\t\t\t<\/div>\n\t\t\t\t<\/article>\n\t\t\t\t<article class=\"elementor-post elementor-grid-item post-418 post type-post status-publish format-standard has-post-thumbnail hentry category-desimlocker\" role=\"listitem\">\n\t\t\t\t<a class=\"elementor-post__thumbnail__link\" href=\"https:\/\/safeunlocks.com\/fr\/desimlocker-base\/\" tabindex=\"-1\">\n\t\t\t<div class=\"elementor-post__thumbnail\"><img loading=\"lazy\" decoding=\"async\" width=\"300\" height=\"169\" src=\"https:\/\/safeunlocks.com\/fr\/wp-content\/uploads\/2023\/06\/Desimlocker-BASE-et-debloquer-le-telephone-sans-contraintes-1-1-300x169.png\" class=\"attachment-medium size-medium wp-image-492\" alt=\"\" srcset=\"https:\/\/safeunlocks.com\/fr\/wp-content\/uploads\/2023\/06\/Desimlocker-BASE-et-debloquer-le-telephone-sans-contraintes-1-1-300x169.png 300w, https:\/\/safeunlocks.com\/fr\/wp-content\/uploads\/2023\/06\/Desimlocker-BASE-et-debloquer-le-telephone-sans-contraintes-1-1-1024x576.png 1024w, https:\/\/safeunlocks.com\/fr\/wp-content\/uploads\/2023\/06\/Desimlocker-BASE-et-debloquer-le-telephone-sans-contraintes-1-1-768x432.png 768w, https:\/\/safeunlocks.com\/fr\/wp-content\/uploads\/2023\/06\/Desimlocker-BASE-et-debloquer-le-telephone-sans-contraintes-1-1-1536x864.png 1536w, https:\/\/safeunlocks.com\/fr\/wp-content\/uploads\/2023\/06\/Desimlocker-BASE-et-debloquer-le-telephone-sans-contraintes-1-1.png 1920w\" sizes=\"(max-width: 300px) 100vw, 300px\" \/><\/div>\n\t\t<\/a>\n\t\t\t\t<div class=\"elementor-post__text\">\n\t\t\t\t<h3 class=\"elementor-post__title\">\n\t\t\t<a href=\"https:\/\/safeunlocks.com\/fr\/desimlocker-base\/\">\n\t\t\t\tD\u00e9simlocker BASE et d\u00e9bloquer le t\u00e9l\u00e9phone sans contraintes !\t\t\t<\/a>\n\t\t<\/h3>\n\t\t\t\t<div class=\"elementor-post__meta-data\">\n\t\t\t\t\t<span class=\"elementor-post-date\">\n\t\t\t16 August 2023\t\t<\/span>\n\t\t\t\t<span class=\"elementor-post-avatar\">\n\t\t\tNo Comments\t\t<\/span>\n\t\t\t\t<\/div>\n\t\t\t\t<div class=\"elementor-post__excerpt\">\n\t\t\t<p>D\u00e9simlocker BASE : Le d\u00e9simlockage SIM, \u00e9limine les limitations impos\u00e9es par un op\u00e9rateur sur un appareil, ce qui permet l&#8217;utilisation de cartes SIM provenant d&#8217;autres<\/p>\n\t\t<\/div>\n\t\t\n\t\t<a class=\"elementor-post__read-more\" href=\"https:\/\/safeunlocks.com\/fr\/desimlocker-base\/\" aria-label=\"Read more about D\u00e9simlocker BASE et d\u00e9bloquer le t\u00e9l\u00e9phone sans contraintes !\" tabindex=\"-1\">\n\t\t\tRead More \u00bb\t\t<\/a>\n\n\t\t\t\t<\/div>\n\t\t\t\t<\/article>\n\t\t\t\t<article class=\"elementor-post elementor-grid-item post-396 post type-post status-publish format-standard has-post-thumbnail hentry category-desimlocker\" role=\"listitem\">\n\t\t\t\t<a class=\"elementor-post__thumbnail__link\" href=\"https:\/\/safeunlocks.com\/fr\/desimlocker-telenet\/\" tabindex=\"-1\">\n\t\t\t<div class=\"elementor-post__thumbnail\"><img loading=\"lazy\" decoding=\"async\" width=\"300\" height=\"169\" src=\"https:\/\/safeunlocks.com\/fr\/wp-content\/uploads\/2023\/06\/Comment-desimlocker-Telenet-Loutil-incontournable-pour-debloquer-lappareil-300x169.png\" class=\"attachment-medium size-medium wp-image-412\" alt=\"\" srcset=\"https:\/\/safeunlocks.com\/fr\/wp-content\/uploads\/2023\/06\/Comment-desimlocker-Telenet-Loutil-incontournable-pour-debloquer-lappareil-300x169.png 300w, https:\/\/safeunlocks.com\/fr\/wp-content\/uploads\/2023\/06\/Comment-desimlocker-Telenet-Loutil-incontournable-pour-debloquer-lappareil-1024x576.png 1024w, https:\/\/safeunlocks.com\/fr\/wp-content\/uploads\/2023\/06\/Comment-desimlocker-Telenet-Loutil-incontournable-pour-debloquer-lappareil-768x432.png 768w, https:\/\/safeunlocks.com\/fr\/wp-content\/uploads\/2023\/06\/Comment-desimlocker-Telenet-Loutil-incontournable-pour-debloquer-lappareil-1536x864.png 1536w, https:\/\/safeunlocks.com\/fr\/wp-content\/uploads\/2023\/06\/Comment-desimlocker-Telenet-Loutil-incontournable-pour-debloquer-lappareil.png 1920w\" sizes=\"(max-width: 300px) 100vw, 300px\" \/><\/div>\n\t\t<\/a>\n\t\t\t\t<div class=\"elementor-post__text\">\n\t\t\t\t<h3 class=\"elementor-post__title\">\n\t\t\t<a href=\"https:\/\/safeunlocks.com\/fr\/desimlocker-telenet\/\">\n\t\t\t\tComment d\u00e9simlocker Telenet ? L&#8217;outil de d\u00e9blocage mobile.\t\t\t<\/a>\n\t\t<\/h3>\n\t\t\t\t<div class=\"elementor-post__meta-data\">\n\t\t\t\t\t<span class=\"elementor-post-date\">\n\t\t\t9 August 2023\t\t<\/span>\n\t\t\t\t<span class=\"elementor-post-avatar\">\n\t\t\tNo Comments\t\t<\/span>\n\t\t\t\t<\/div>\n\t\t\t\t<div class=\"elementor-post__excerpt\">\n\t\t\t<p>Pourquoir d\u00e9simlocker Telenet ? Les t\u00e9l\u00e9phones de la marque Telenet sont r\u00e9put\u00e9s pour leur fiabilit\u00e9 et la qualit\u00e9 de leurs performances. Toutefois, il peut arriver<\/p>\n\t\t<\/div>\n\t\t\n\t\t<a class=\"elementor-post__read-more\" href=\"https:\/\/safeunlocks.com\/fr\/desimlocker-telenet\/\" aria-label=\"Read more about Comment d\u00e9simlocker Telenet ? L&#8217;outil de d\u00e9blocage mobile.\" tabindex=\"-1\">\n\t\t\tRead More \u00bb\t\t<\/a>\n\n\t\t\t\t<\/div>\n\t\t\t\t<\/article>\n\t\t\t\t<\/div>\n\t\t\n\t\t\t\t\t\t<\/div>\n\t\t\t\t<\/div>\n\t\t\t\t\t<\/div>\n\t\t<\/div>\n\t\t\t\t\t<\/div>\n\t\t<\/section>\n\t\t\t\t<\/div>\n\t\t","protected":false},"excerpt":{"rendered":"<p>apprendre de notre exp\u00e9rience de d\u00e9verrouillage SafeUnlocksBlog<\/p>\n","protected":false},"author":3,"featured_media":0,"parent":0,"menu_order":0,"comment_status":"closed","ping_status":"closed","template":"","meta":{"site-sidebar-layout":"no-sidebar","site-content-layout":"page-builder","ast-site-content-layout":"","site-content-style":"default","site-sidebar-style":"default","ast-global-header-display":"","ast-banner-title-visibility":"","ast-main-header-display":"","ast-hfb-above-header-display":"","ast-hfb-below-header-display":"","ast-hfb-mobile-header-display":"","site-post-title":"disabled","ast-breadcrumbs-content":"","ast-featured-img":"disabled","footer-sml-layout":"","theme-transparent-header-meta":"","adv-header-id-meta":"","stick-header-meta":"","header-above-stick-meta":"","header-main-stick-meta":"","header-below-stick-meta":"","astra-migrate-meta-layouts":"default","ast-page-background-enabled":"default","ast-page-background-meta":{"desktop":{"background-color":"var(--ast-global-color-4)","background-image":"","background-repeat":"repeat","background-position":"center center","background-size":"auto","background-attachment":"scroll","background-type":"","background-media":"","overlay-type":"","overlay-color":"","overlay-opacity":"","overlay-gradient":""},"tablet":{"background-color":"","background-image":"","background-repeat":"repeat","background-position":"center center","background-size":"auto","background-attachment":"scroll","background-type":"","background-media":"","overlay-type":"","overlay-color":"","overlay-opacity":"","overlay-gradient":""},"mobile":{"background-color":"","background-image":"","background-repeat":"repeat","background-position":"center center","background-size":"auto","background-attachment":"scroll","background-type":"","background-media":"","overlay-type":"","overlay-color":"","overlay-opacity":"","overlay-gradient":""}},"ast-content-background-meta":{"desktop":{"background-color":"var(--ast-global-color-5)","background-image":"","background-repeat":"repeat","background-position":"center center","background-size":"auto","background-attachment":"scroll","background-type":"","background-media":"","overlay-type":"","overlay-color":"","overlay-opacity":"","overlay-gradient":""},"tablet":{"background-color":"var(--ast-global-color-5)","background-image":"","background-repeat":"repeat","background-position":"center center","background-size":"auto","background-attachment":"scroll","background-type":"","background-media":"","overlay-type":"","overlay-color":"","overlay-opacity":"","overlay-gradient":""},"mobile":{"background-color":"var(--ast-global-color-5)","background-image":"","background-repeat":"repeat","background-position":"center center","background-size":"auto","background-attachment":"scroll","background-type":"","background-media":"","overlay-type":"","overlay-color":"","overlay-opacity":"","overlay-gradient":""}},"footnotes":""},"class_list":["post-284","page","type-page","status-publish","hentry"],"_links":{"self":[{"href":"https:\/\/safeunlocks.com\/fr\/wp-json\/wp\/v2\/pages\/284","targetHints":{"allow":["GET"]}}],"collection":[{"href":"https:\/\/safeunlocks.com\/fr\/wp-json\/wp\/v2\/pages"}],"about":[{"href":"https:\/\/safeunlocks.com\/fr\/wp-json\/wp\/v2\/types\/page"}],"author":[{"embeddable":true,"href":"https:\/\/safeunlocks.com\/fr\/wp-json\/wp\/v2\/users\/3"}],"replies":[{"embeddable":true,"href":"https:\/\/safeunlocks.com\/fr\/wp-json\/wp\/v2\/comments?post=284"}],"version-history":[{"count":0,"href":"https:\/\/safeunlocks.com\/fr\/wp-json\/wp\/v2\/pages\/284\/revisions"}],"wp:attachment":[{"href":"https:\/\/safeunlocks.com\/fr\/wp-json\/wp\/v2\/media?parent=284"}],"curies":[{"name":"wp","href":"https:\/\/api.w.org\/{rel}","templated":true}]}}