{"id":276,"date":"2023-05-27T18:44:07","date_gmt":"2023-05-27T16:44:07","guid":{"rendered":"https:\/\/safeunlocks.com\/fr\/?page_id=276"},"modified":"2023-05-27T18:47:29","modified_gmt":"2023-05-27T16:47:29","slug":"services","status":"publish","type":"page","link":"https:\/\/safeunlocks.com\/fr\/services\/","title":{"rendered":"Services"},"content":{"rendered":"\t\t<div data-elementor-type=\"wp-page\" data-elementor-id=\"276\" class=\"elementor elementor-276\" data-elementor-post-type=\"page\">\n\t\t\t\t\t\t<section class=\"elementor-section elementor-top-section elementor-element elementor-element-a574650 elementor-section-boxed elementor-section-height-default elementor-section-height-default\" data-id=\"a574650\" data-element_type=\"section\">\n\t\t\t\t\t\t<div class=\"elementor-container elementor-column-gap-default\">\n\t\t\t\t\t<div class=\"elementor-column elementor-col-100 elementor-top-column elementor-element elementor-element-6e23f2b\" data-id=\"6e23f2b\" data-element_type=\"column\">\n\t\t\t<div class=\"elementor-widget-wrap elementor-element-populated\">\n\t\t\t\t\t\t<div class=\"elementor-element elementor-element-40ab967 elementor-widget elementor-widget-spacer\" data-id=\"40ab967\" data-element_type=\"widget\" data-widget_type=\"spacer.default\">\n\t\t\t\t<div class=\"elementor-widget-container\">\n\t\t\t\t\t\t\t<div class=\"elementor-spacer\">\n\t\t\t<div class=\"elementor-spacer-inner\"><\/div>\n\t\t<\/div>\n\t\t\t\t\t\t<\/div>\n\t\t\t\t<\/div>\n\t\t\t\t\t<\/div>\n\t\t<\/div>\n\t\t\t\t\t<\/div>\n\t\t<\/section>\n\t\t\t\t<section class=\"elementor-section elementor-top-section elementor-element elementor-element-896a751 elementor-section-boxed elementor-section-height-default elementor-section-height-default\" data-id=\"896a751\" data-element_type=\"section\">\n\t\t\t\t\t\t<div class=\"elementor-container elementor-column-gap-default\">\n\t\t\t\t\t<div class=\"elementor-column elementor-col-100 elementor-top-column elementor-element elementor-element-3ae7389\" data-id=\"3ae7389\" data-element_type=\"column\">\n\t\t\t<div class=\"elementor-widget-wrap elementor-element-populated\">\n\t\t\t\t\t\t<div class=\"elementor-element elementor-element-1db8c35 elementor-widget elementor-widget-heading\" data-id=\"1db8c35\" data-element_type=\"widget\" data-widget_type=\"heading.default\">\n\t\t\t\t<div class=\"elementor-widget-container\">\n\t\t\t\t\t<h2 class=\"elementor-heading-title elementor-size-default\">De quel type de d\u00e9verrouillage avez-vous besoin\u00a0?<\/h2>\t\t\t\t<\/div>\n\t\t\t\t<\/div>\n\t\t\t\t<section class=\"elementor-section elementor-inner-section elementor-element elementor-element-0bf101c elementor-section-boxed elementor-section-height-default elementor-section-height-default\" data-id=\"0bf101c\" data-element_type=\"section\">\n\t\t\t\t\t\t<div class=\"elementor-container elementor-column-gap-default\">\n\t\t\t\t\t<div class=\"elementor-column elementor-col-33 elementor-inner-column elementor-element elementor-element-9b21ab5\" data-id=\"9b21ab5\" data-element_type=\"column\">\n\t\t\t<div class=\"elementor-widget-wrap elementor-element-populated\">\n\t\t\t\t\t\t<div class=\"elementor-element elementor-element-700a9a8 elementor-widget elementor-widget-image\" data-id=\"700a9a8\" data-element_type=\"widget\" data-widget_type=\"image.default\">\n\t\t\t\t<div class=\"elementor-widget-container\">\n\t\t\t\t\t\t\t\t\t\t\t\t\t\t\t\t<a href=\"https:\/\/safeunlocks.com\/fr\/deblocage-icloud\/\">\n\t\t\t\t\t\t\t<img fetchpriority=\"high\" decoding=\"async\" width=\"1024\" height=\"576\" src=\"https:\/\/safeunlocks.com\/fr\/wp-content\/uploads\/2023\/05\/iCloud-Unlock-1024x576.jpg\" class=\"elementor-animation-grow attachment-large size-large wp-image-278\" alt=\"\" srcset=\"https:\/\/safeunlocks.com\/fr\/wp-content\/uploads\/2023\/05\/iCloud-Unlock-1024x576.jpg 1024w, https:\/\/safeunlocks.com\/fr\/wp-content\/uploads\/2023\/05\/iCloud-Unlock-300x169.jpg 300w, https:\/\/safeunlocks.com\/fr\/wp-content\/uploads\/2023\/05\/iCloud-Unlock-768x432.jpg 768w, https:\/\/safeunlocks.com\/fr\/wp-content\/uploads\/2023\/05\/iCloud-Unlock.jpg 1280w\" sizes=\"(max-width: 1024px) 100vw, 1024px\" \/>\t\t\t\t\t\t\t\t<\/a>\n\t\t\t\t\t\t\t\t\t\t\t\t\t\t\t<\/div>\n\t\t\t\t<\/div>\n\t\t\t\t\t<\/div>\n\t\t<\/div>\n\t\t\t\t<div class=\"elementor-column elementor-col-33 elementor-inner-column elementor-element elementor-element-e7b90a6\" data-id=\"e7b90a6\" data-element_type=\"column\">\n\t\t\t<div class=\"elementor-widget-wrap elementor-element-populated\">\n\t\t\t\t\t\t<div class=\"elementor-element elementor-element-31f61a1 elementor-widget elementor-widget-image\" data-id=\"31f61a1\" data-element_type=\"widget\" data-widget_type=\"image.default\">\n\t\t\t\t<div class=\"elementor-widget-container\">\n\t\t\t\t\t\t\t\t\t\t\t\t\t\t\t\t<a href=\"https:\/\/safeunlocks.com\/fr\/frp\/\">\n\t\t\t\t\t\t\t<img decoding=\"async\" width=\"1024\" height=\"576\" src=\"https:\/\/safeunlocks.com\/fr\/wp-content\/uploads\/2023\/05\/iCloud-Unlock1-1024x576.jpg\" class=\"elementor-animation-grow attachment-large size-large wp-image-279\" alt=\"\" srcset=\"https:\/\/safeunlocks.com\/fr\/wp-content\/uploads\/2023\/05\/iCloud-Unlock1-1024x576.jpg 1024w, https:\/\/safeunlocks.com\/fr\/wp-content\/uploads\/2023\/05\/iCloud-Unlock1-300x169.jpg 300w, https:\/\/safeunlocks.com\/fr\/wp-content\/uploads\/2023\/05\/iCloud-Unlock1-768x432.jpg 768w, https:\/\/safeunlocks.com\/fr\/wp-content\/uploads\/2023\/05\/iCloud-Unlock1.jpg 1280w\" sizes=\"(max-width: 1024px) 100vw, 1024px\" \/>\t\t\t\t\t\t\t\t<\/a>\n\t\t\t\t\t\t\t\t\t\t\t\t\t\t\t<\/div>\n\t\t\t\t<\/div>\n\t\t\t\t\t<\/div>\n\t\t<\/div>\n\t\t\t\t<div class=\"elementor-column elementor-col-33 elementor-inner-column elementor-element elementor-element-8223069\" data-id=\"8223069\" data-element_type=\"column\">\n\t\t\t<div class=\"elementor-widget-wrap elementor-element-populated\">\n\t\t\t\t\t\t<div class=\"elementor-element elementor-element-61a7cb5 elementor-widget elementor-widget-image\" data-id=\"61a7cb5\" data-element_type=\"widget\" data-widget_type=\"image.default\">\n\t\t\t\t<div class=\"elementor-widget-container\">\n\t\t\t\t\t\t\t\t\t\t\t\t\t\t\t\t<a href=\"https:\/\/safeunlocks.com\/fr\/desimlocker\/\">\n\t\t\t\t\t\t\t<img decoding=\"async\" width=\"1024\" height=\"576\" src=\"https:\/\/safeunlocks.com\/fr\/wp-content\/uploads\/2023\/05\/Carrier-Lock-1024x576.jpg\" class=\"elementor-animation-grow attachment-large size-large wp-image-280\" alt=\"\" srcset=\"https:\/\/safeunlocks.com\/fr\/wp-content\/uploads\/2023\/05\/Carrier-Lock-1024x576.jpg 1024w, https:\/\/safeunlocks.com\/fr\/wp-content\/uploads\/2023\/05\/Carrier-Lock-300x169.jpg 300w, https:\/\/safeunlocks.com\/fr\/wp-content\/uploads\/2023\/05\/Carrier-Lock-768x432.jpg 768w, https:\/\/safeunlocks.com\/fr\/wp-content\/uploads\/2023\/05\/Carrier-Lock.jpg 1280w\" sizes=\"(max-width: 1024px) 100vw, 1024px\" \/>\t\t\t\t\t\t\t\t<\/a>\n\t\t\t\t\t\t\t\t\t\t\t\t\t\t\t<\/div>\n\t\t\t\t<\/div>\n\t\t\t\t\t<\/div>\n\t\t<\/div>\n\t\t\t\t\t<\/div>\n\t\t<\/section>\n\t\t\t\t<div class=\"elementor-element elementor-element-10299e5 elementor-widget elementor-widget-spacer\" data-id=\"10299e5\" data-element_type=\"widget\" data-widget_type=\"spacer.default\">\n\t\t\t\t<div class=\"elementor-widget-container\">\n\t\t\t\t\t\t\t<div class=\"elementor-spacer\">\n\t\t\t<div class=\"elementor-spacer-inner\"><\/div>\n\t\t<\/div>\n\t\t\t\t\t\t<\/div>\n\t\t\t\t<\/div>\n\t\t\t\t<div class=\"elementor-element elementor-element-0617da1 elementor-widget elementor-widget-text-editor\" data-id=\"0617da1\" data-element_type=\"widget\" data-widget_type=\"text-editor.default\">\n\t\t\t\t<div class=\"elementor-widget-container\">\n\t\t\t\t\t\t\t\t\t<p>SafeUnlocks est l&#8217;entreprise qui r\u00e9sout les probl\u00e8mes des utilisateurs d&#8217;iPhone et de t\u00e9l\u00e9phones Android depuis des ann\u00e9es. Que vous ayez besoin d&#8217;un d\u00e9verrouillage iCloud, d&#8217;un d\u00e9verrouillage FRP ou m\u00eame de supprimer les verrous de l&#8217;op\u00e9rateur de votre appareil, nous sommes l\u00e0 pour vous aider ! Nous avons r\u00e9ussi \u00e0 d\u00e9verrouiller plus de 500 000 appareils au cours de notre activit\u00e9 et nous serions ravis de vous compter parmi nos clients satisfaits.<\/p><p><b>Quels services proposons-nous ?<\/b><\/p><p>Actuellement, nous offrons les services suivants :<\/p><ul><li aria-level=\"1\">D\u00e9verrouillage iCloud<\/li><li aria-level=\"1\">Suppression de FRP Android<\/li><li aria-level=\"1\">Suppression du verrouillage de l&#8217;op\u00e9rateur<\/li><\/ul><p>Tous ces services ont \u00e9t\u00e9 test\u00e9s sur plusieurs appareils et r\u00e9seaux afin de garantir la qualit\u00e9 de notre service.<\/p><p><b>D\u00e9verrouillage iCloud<\/b><\/p><p>Nous connaissons tous cette sensation lorsque nous essayons de nous connecter \u00e0 nos appareils et que nous sommes accueillis par un \u00e9cran d&#8217;activation. Cela peut se produire si vous oubliez le mot de passe de votre appareil Apple ou si vous effectuez une r\u00e9initialisation d&#8217;usine sur votre appareil. De nombreuses personnes se retrouvent bloqu\u00e9es dans cette boucle, incapables d&#8217;utiliser leur appareil en raison de ce probl\u00e8me. Le verrouillage d&#8217;activation sur les appareils Apple n&#8217;est pas quelque chose de nouveau et existe depuis iOS 10.<\/p><p><b>Quelles sont les causes du verrouillage d&#8217;activation ?<\/b><\/p><p>La principale raison est que le t\u00e9l\u00e9phone a \u00e9t\u00e9 verrouill\u00e9 par le propri\u00e9taire ou qu&#8217;il n&#8217;a pas \u00e9t\u00e9 supprim\u00e9 lors de l&#8217;achat.<\/p><p>Il existe d&#8217;autres raisons aussi simples que la saisie incorrecte du mot de passe 3 fois pour l&#8217;appareil (ou 4 fois si vous avez un code \u00e0 6 chiffres) qui d\u00e9clenchera une demande vous demandant de saisir votre identifiant Apple et votre mot de passe. Si vous ne pouvez pas trouver ces informations ou si vous ne les connaissez pas, vous \u00eates dans une impasse.<\/p><p><b>Comment puis-je supprimer iCloud ?<\/b><\/p><p>Le verrouillage d&#8217;activation iCloud est devenu de plus en plus courant ces derni\u00e8res ann\u00e9es. Cela peut arriver \u00e0 n&#8217;importe qui, m\u00eame si vous n&#8217;avez rien fait de mal. Le verrouillage d&#8217;activation est mis sur l&#8217;appareil par le propri\u00e9taire de l&#8217;appareil ou une r\u00e9initialisation d&#8217;usine qui n&#8217;a pas \u00e9t\u00e9 supprim\u00e9e correctement. Une fa\u00e7on de supprimer le verrouillage d&#8217;activation iCloud est d&#8217;utiliser les services de SafeUnlock. Nous utilisons la derni\u00e8re technologie en utilisant un identifiant fictif qui le d\u00e9verrouillera de mani\u00e8re permanente.<\/p><p><b>Est-ce s\u00fbr de l&#8217;utiliser ?<\/b><\/p><p>Oui, notre service est 100% s\u00fbr \u00e0 utiliser. Nous ne demandons aucune information personnelle telle que votre identifiant Apple, votre mot de passe ou quoi que ce soit d&#8217;autre qui pourrait vous mettre en danger de vol.<\/p><p>Nous utilisons la derni\u00e8re technologie en utilisant un ID fictif qui d\u00e9verrouillera votre appareil de mani\u00e8re permanente.<\/p><p><b>Suppression de verrouillage FRP<\/b><\/p><p>Le d\u00e9verrouillage FRP supprime la restriction du compte Google sur les t\u00e9l\u00e9phones Android, ce qui signifie que vous pouvez vous inscrire \u00e0 un nombre illimit\u00e9 de services diff\u00e9rents sans \u00eatre invit\u00e9 \u00e0 vous connecter avec l&#8217;ancien compte.<\/p><p><b>Qu&#8217;est-ce que le verrouillage FRP ?<\/b><\/p><p>Le verrouillage FRP est une fonctionnalit\u00e9 de s\u00e9curit\u00e9 du syst\u00e8me d&#8217;exploitation Android qui peut \u00eatre activ\u00e9e par les utilisateurs de t\u00e9l\u00e9phone. Le verrouillage FRP emp\u00eache les autres personnes d&#8217;utiliser votre t\u00e9l\u00e9phone sans votre permission.<\/p><p>Ce verrouillage peut \u00e9galement \u00eatre configur\u00e9 pour demander une confirmation avant d&#8217;effacer et de restaurer le t\u00e9l\u00e9phone, ce qui vous apporte une tranquillit\u00e9 d&#8217;esprit. Il offre \u00e9galement une certaine forme de contr\u00f4le sur les personnes pouvant se connecter \u00e0 vos comptes de m\u00e9dias sociaux.<\/p><p><b>Comment sommes-nous en mesure de supprimer le verrouillage FRP ?<\/b><\/p><p>Le verrouillage FRP est une fonctionnalit\u00e9 de s\u00e9curit\u00e9 d&#8217;Android qui emp\u00eache les autres personnes d&#8217;utiliser votre t\u00e9l\u00e9phone sans votre permission. Ce verrouillage peut \u00e9galement \u00eatre configur\u00e9 pour demander une confirmation avant d&#8217;effacer et de restaurer le t\u00e9l\u00e9phone, ce qui vous apporte une tranquillit\u00e9 d&#8217;esprit. Il offre \u00e9galement une certaine forme de contr\u00f4le sur les personnes pouvant se connecter \u00e0 vos comptes de m\u00e9dias sociaux. SafeUnlocks a r\u00e9ussi \u00e0 supprimer en toute s\u00e9curit\u00e9 le verrouillage FRP en utilisant sa derni\u00e8re technologie en utilisant un identifiant fictif (Dummy ID) qui le d\u00e9verrouillera de mani\u00e8re permanente.<\/p><p><b>D\u00e9verrouillage du verrouillage de l&#8217;op\u00e9rateur<\/b><\/p><p>Il s&#8217;agit d&#8217;un service qui supprimera toutes les restrictions de verrouillage SIM sur votre appareil, vous permettant ainsi de changer d&#8217;op\u00e9rateur sans avoir \u00e0 acheter un autre t\u00e9l\u00e9phone ou \u00e0 passer par un processus co\u00fbteux de changement d&#8217;op\u00e9rateur.<\/p><p><b>Qu&#8217;est-ce que le verrouillage de l&#8217;op\u00e9rateur ?<\/b><\/p><p>Le verrouillage de l&#8217;op\u00e9rateur sur les t\u00e9l\u00e9phones est g\u00e9n\u00e9ralement effectu\u00e9 par le fabricant de t\u00e9l\u00e9phones mobiles ou les op\u00e9rateurs de t\u00e9l\u00e9phonie mobile. Les verrouillages de l&#8217;op\u00e9rateur sont utilis\u00e9s pour s&#8217;assurer que la personne qui s&#8217;abonne \u00e0 un service, comme un fournisseur sans fil, ne peut pas simplement passer \u00e0 un autre op\u00e9rateur avec le m\u00eame t\u00e9l\u00e9phone. Bien que beaucoup de gens pensent que les verrouillages de l&#8217;op\u00e9rateur ont du sens, on peut argumenter qu&#8217;ils n&#8217;en ont pas car des personnes comme vous et moi peuvent pr\u00e9f\u00e9rer T-Mobile tandis que notre s\u0153ur pr\u00e9f\u00e8re Verizon. Ils peuvent avoir des pr\u00e9f\u00e9rences diff\u00e9rentes en termes de services et de prix pour les deux op\u00e9rateurs.<\/p><p><b>Comment le verrouillage de l&#8217;op\u00e9rateur vous affecte-t-il ?<\/b><\/p><p>De nombreuses personnes peuvent pr\u00e9f\u00e9rer T-Mobile tandis que leur proche pr\u00e9f\u00e8re Verizon. Ils peuvent souhaiter diff\u00e9rents types de services et de tarifs pour les deux op\u00e9rateurs. Les verrouillages de l&#8217;op\u00e9rateur sont utilis\u00e9s pour s&#8217;assurer que la personne qui s&#8217;abonne \u00e0 un service, tel qu&#8217;un fournisseur sans fil, ne peut pas simplement passer \u00e0 un autre op\u00e9rateur avec le m\u00eame t\u00e9l\u00e9phone.<\/p><p>Cela r\u00e9duit la valeur de revente de l&#8217;appareil et rend plus difficile sa vente. Les verrouillages de l&#8217;op\u00e9rateur peuvent \u00e9galement \u00eatre la cause d&#8217;une exp\u00e9rience t\u00e9l\u00e9phonique &#8220;mauvaise&#8221; car vous ne souhaitez pas utiliser le service de votre op\u00e9rateur et vous n&#8217;\u00eates pas int\u00e9ress\u00e9 par une mise \u00e0 niveau ou un changement de forfait.<\/p><p><b>Comment pouvons-nous le faire ?<\/b><\/p><p>De nos jours, un verrouillage de l&#8217;op\u00e9rateur est utilis\u00e9 pour s&#8217;assurer que la personne qui s&#8217;abonne \u00e0 un service r\u00e9seau, tel qu&#8217;un fournisseur sans fil, ne peut pas simplement changer d&#8217;op\u00e9rateur avec le m\u00eame t\u00e9l\u00e9phone. Les verrouillages de l&#8217;op\u00e9rateur sont \u00e9galement utilis\u00e9s par les fabricants de t\u00e9l\u00e9phones mobiles pour promouvoir leurs services. C&#8217;est pourquoi il est si difficile et co\u00fbteux pour quelqu&#8217;un comme vous et moi d&#8217;obtenir l&#8217;op\u00e9rateur que nous souhaitons dans d&#8217;autres pays.<\/p><p>SafeUnlock a r\u00e9ussi \u00e0 supprimer ces restrictions de verrouillage SIM sur votre appareil en utilisant leur derni\u00e8re technologie en utilisant un code USSD chiffr\u00e9 et cela le d\u00e9verrouillera de mani\u00e8re permanente. Le processus est discret et leur carte SIM ne sera verrouill\u00e9e sur aucun fournisseur de services en particulier, ce qui signifie que vous pouvez utiliser la carte SIM USAID n&#8217;importe o\u00f9 dans le monde.<\/p><p><b>Pourquoi SafeUnlock est le meilleur service ?<\/b><\/p><p>Nous travaillons tr\u00e8s dur pour am\u00e9liorer nos services chaque jour. Les fonctionnalit\u00e9s qui nous caract\u00e9risent sont les suivantes :<\/p><ul><li aria-level=\"1\">Tous nos services sont prot\u00e9g\u00e9s par SSL et chiffr\u00e9s, ce qui garantit la s\u00e9curit\u00e9 de vos donn\u00e9es personnelles.<\/li><li aria-level=\"1\">Nous garantissons \u00e9galement qu&#8217;aucune perte de donn\u00e9es n&#8217;intervient pendant le processus. Enfin, nous offrons une garantie de remboursement si vous n&#8217;\u00eates pas satisfait du service !<\/li><li aria-level=\"1\">Nous sommes pr\u00e9sents depuis des ann\u00e9es maintenant, et les gens reviennent vers nous parce qu&#8217;ils savent que nous faisons le travail correctement.<\/li><\/ul><p><b>Des d\u00e9verrouillages garantis.<\/b><\/p><p>Si vous ne voulez pas attendre la r\u00e9ponse d&#8217;Apple et que votre appareil est d\u00e9j\u00e0 d\u00e9verrouill\u00e9 ou que l&#8217;op\u00e9rateur ne vous a pas aid\u00e9, nous vous proposons des d\u00e9verrouillages garantis \u00e0 100 %. Le processus est discret et votre carte SIM ne sera pas verrouill\u00e9e sur un fournisseur de services particulier, ce qui signifie que vous pouvez utiliser la carte SIM US ID n&#8217;importe o\u00f9 dans le monde. SafeUnlocks a r\u00e9ussi \u00e0 supprimer en toute s\u00e9curit\u00e9 le FRP et ne laissera aucune trace susceptible de nuire \u00e0 votre appareil. En revanche, les services Apple ne le feront pas.<\/p>\t\t\t\t\t\t\t\t<\/div>\n\t\t\t\t<\/div>\n\t\t\t\t\t<\/div>\n\t\t<\/div>\n\t\t\t\t\t<\/div>\n\t\t<\/section>\n\t\t\t\t<\/div>\n\t\t","protected":false},"excerpt":{"rendered":"<p>SafeUnlocks est l&#8217;entreprise qui r\u00e9sout les probl\u00e8mes des utilisateurs d&#8217;iPhone et de t\u00e9l\u00e9phones Android depuis des ann\u00e9es. Que vous ayez besoin d&#8217;un d\u00e9verrouillage iCloud, d&#8217;un d\u00e9verrouillage FRP ou m\u00eame de supprimer les verrous de l&#8217;op\u00e9rateur de votre appareil, nous sommes l\u00e0 pour vous aider ! Nous avons r\u00e9ussi \u00e0 d\u00e9verrouiller plus de 500 000 appareils [&hellip;]<\/p>\n","protected":false},"author":3,"featured_media":0,"parent":0,"menu_order":0,"comment_status":"closed","ping_status":"closed","template":"","meta":{"site-sidebar-layout":"no-sidebar","site-content-layout":"page-builder","ast-site-content-layout":"","site-content-style":"default","site-sidebar-style":"default","ast-global-header-display":"","ast-banner-title-visibility":"","ast-main-header-display":"","ast-hfb-above-header-display":"","ast-hfb-below-header-display":"","ast-hfb-mobile-header-display":"","site-post-title":"disabled","ast-breadcrumbs-content":"","ast-featured-img":"disabled","footer-sml-layout":"","theme-transparent-header-meta":"","adv-header-id-meta":"","stick-header-meta":"","header-above-stick-meta":"","header-main-stick-meta":"","header-below-stick-meta":"","astra-migrate-meta-layouts":"default","ast-page-background-enabled":"default","ast-page-background-meta":{"desktop":{"background-color":"var(--ast-global-color-4)","background-image":"","background-repeat":"repeat","background-position":"center center","background-size":"auto","background-attachment":"scroll","background-type":"","background-media":"","overlay-type":"","overlay-color":"","overlay-opacity":"","overlay-gradient":""},"tablet":{"background-color":"","background-image":"","background-repeat":"repeat","background-position":"center center","background-size":"auto","background-attachment":"scroll","background-type":"","background-media":"","overlay-type":"","overlay-color":"","overlay-opacity":"","overlay-gradient":""},"mobile":{"background-color":"","background-image":"","background-repeat":"repeat","background-position":"center center","background-size":"auto","background-attachment":"scroll","background-type":"","background-media":"","overlay-type":"","overlay-color":"","overlay-opacity":"","overlay-gradient":""}},"ast-content-background-meta":{"desktop":{"background-color":"var(--ast-global-color-5)","background-image":"","background-repeat":"repeat","background-position":"center center","background-size":"auto","background-attachment":"scroll","background-type":"","background-media":"","overlay-type":"","overlay-color":"","overlay-opacity":"","overlay-gradient":""},"tablet":{"background-color":"var(--ast-global-color-5)","background-image":"","background-repeat":"repeat","background-position":"center center","background-size":"auto","background-attachment":"scroll","background-type":"","background-media":"","overlay-type":"","overlay-color":"","overlay-opacity":"","overlay-gradient":""},"mobile":{"background-color":"var(--ast-global-color-5)","background-image":"","background-repeat":"repeat","background-position":"center center","background-size":"auto","background-attachment":"scroll","background-type":"","background-media":"","overlay-type":"","overlay-color":"","overlay-opacity":"","overlay-gradient":""}},"footnotes":""},"class_list":["post-276","page","type-page","status-publish","hentry"],"_links":{"self":[{"href":"https:\/\/safeunlocks.com\/fr\/wp-json\/wp\/v2\/pages\/276","targetHints":{"allow":["GET"]}}],"collection":[{"href":"https:\/\/safeunlocks.com\/fr\/wp-json\/wp\/v2\/pages"}],"about":[{"href":"https:\/\/safeunlocks.com\/fr\/wp-json\/wp\/v2\/types\/page"}],"author":[{"embeddable":true,"href":"https:\/\/safeunlocks.com\/fr\/wp-json\/wp\/v2\/users\/3"}],"replies":[{"embeddable":true,"href":"https:\/\/safeunlocks.com\/fr\/wp-json\/wp\/v2\/comments?post=276"}],"version-history":[{"count":0,"href":"https:\/\/safeunlocks.com\/fr\/wp-json\/wp\/v2\/pages\/276\/revisions"}],"wp:attachment":[{"href":"https:\/\/safeunlocks.com\/fr\/wp-json\/wp\/v2\/media?parent=276"}],"curies":[{"name":"wp","href":"https:\/\/api.w.org\/{rel}","templated":true}]}}