{"id":68249,"date":"2024-04-16T10:38:10","date_gmt":"2024-04-16T10:38:10","guid":{"rendered":"https:\/\/safeunlocks.com\/es\/?page_id=68249"},"modified":"2024-07-22T14:23:04","modified_gmt":"2024-07-22T14:23:04","slug":"desbloqueo-de-operador-argentina","status":"publish","type":"page","link":"https:\/\/safeunlocks.com\/es\/carrier-unlock\/argentina","title":{"rendered":"Desbloqueo de Operador Argentina"},"content":{"rendered":"\t\t<div data-elementor-type=\"wp-page\" data-elementor-id=\"68249\" class=\"elementor elementor-68249\" data-elementor-post-type=\"page\">\n\t\t\t\t\t\t<section class=\"elementor-section elementor-top-section elementor-element elementor-element-31674f9 elementor-section-boxed elementor-section-height-default elementor-section-height-default\" data-id=\"31674f9\" data-element_type=\"section\" data-e-type=\"section\">\n\t\t\t\t\t\t<div class=\"elementor-container elementor-column-gap-default\">\n\t\t\t\t\t<div class=\"elementor-column elementor-col-100 elementor-top-column elementor-element elementor-element-9cc5de7\" data-id=\"9cc5de7\" data-element_type=\"column\" data-e-type=\"column\">\n\t\t\t<div class=\"elementor-widget-wrap elementor-element-populated\">\n\t\t\t\t\t\t<div class=\"elementor-element elementor-element-35649c4 elementor-widget elementor-widget-heading\" data-id=\"35649c4\" data-element_type=\"widget\" data-e-type=\"widget\" data-widget_type=\"heading.default\">\n\t\t\t\t<div class=\"elementor-widget-container\">\n\t\t\t\t\t<h2 class=\"elementor-heading-title elementor-size-default\">Desbloqueo de Operador Argentina<\/h2>\t\t\t\t<\/div>\n\t\t\t\t<\/div>\n\t\t\t\t<div class=\"elementor-element elementor-element-c552d29 elementor-widget elementor-widget-spacer\" data-id=\"c552d29\" data-element_type=\"widget\" data-e-type=\"widget\" data-widget_type=\"spacer.default\">\n\t\t\t\t<div class=\"elementor-widget-container\">\n\t\t\t\t\t\t\t<div class=\"elementor-spacer\">\n\t\t\t<div class=\"elementor-spacer-inner\"><\/div>\n\t\t<\/div>\n\t\t\t\t\t\t<\/div>\n\t\t\t\t<\/div>\n\t\t\t\t\t<\/div>\n\t\t<\/div>\n\t\t\t\t\t<\/div>\n\t\t<\/section>\n\t\t\t\t<section class=\"elementor-section elementor-top-section elementor-element elementor-element-878e907 elementor-section-boxed elementor-section-height-default elementor-section-height-default\" data-id=\"878e907\" data-element_type=\"section\" data-e-type=\"section\">\n\t\t\t\t\t\t<div class=\"elementor-container elementor-column-gap-default\">\n\t\t\t\t\t<div class=\"elementor-column elementor-col-50 elementor-top-column elementor-element elementor-element-00988ba\" data-id=\"00988ba\" data-element_type=\"column\" data-e-type=\"column\">\n\t\t\t<div class=\"elementor-widget-wrap elementor-element-populated\">\n\t\t\t\t\t\t<div class=\"elementor-element elementor-element-3e68077 elementor-widget elementor-widget-text-editor\" data-id=\"3e68077\" data-element_type=\"widget\" data-e-type=\"widget\" data-widget_type=\"text-editor.default\">\n\t\t\t\t<div class=\"elementor-widget-container\">\n\t\t\t\t\t\t\t\t\t<p>Aprovecha los beneficios de tener un dispositivo sin las restricciones del operador. Con SafeUnlocks esto ya es una realidad para cualquier dispositivo en Argentina. No importa que tipo de dispositivo tengas, o el operador que actualmente tengas. Con nuestra herramienta podr\u00e1s liberar tu dispositivo de forma r\u00e1pida y efectiva desde la comodidad de tu casa.<\/p>\t\t\t\t\t\t\t\t<\/div>\n\t\t\t\t<\/div>\n\t\t\t\t<div class=\"elementor-element elementor-element-6b35984 elementor-align-center elementor-widget elementor-widget-button\" data-id=\"6b35984\" data-element_type=\"widget\" data-e-type=\"widget\" data-widget_type=\"button.default\">\n\t\t\t\t<div class=\"elementor-widget-container\">\n\t\t\t\t\t\t\t\t\t<div class=\"elementor-button-wrapper\">\n\t\t\t\t\t<a class=\"elementor-button elementor-button-link elementor-size-sm\" href=\"https:\/\/safeunlocks.com\/es\/carrier-unlock\/\">\n\t\t\t\t\t\t<span class=\"elementor-button-content-wrapper\">\n\t\t\t\t\t\t\t\t\t<span class=\"elementor-button-text\">Desbloqueo de Operador Argentina<\/span>\n\t\t\t\t\t<\/span>\n\t\t\t\t\t<\/a>\n\t\t\t\t<\/div>\n\t\t\t\t\t\t\t\t<\/div>\n\t\t\t\t<\/div>\n\t\t\t\t\t<\/div>\n\t\t<\/div>\n\t\t\t\t<div class=\"elementor-column elementor-col-50 elementor-top-column elementor-element elementor-element-ea3787a\" data-id=\"ea3787a\" data-element_type=\"column\" data-e-type=\"column\">\n\t\t\t<div class=\"elementor-widget-wrap elementor-element-populated\">\n\t\t\t\t\t\t<div class=\"elementor-element elementor-element-a531870 elementor-align-center elementor-widget elementor-widget-lottie\" data-id=\"a531870\" data-element_type=\"widget\" data-e-type=\"widget\" data-settings=\"{&quot;source_json&quot;:{&quot;url&quot;:&quot;https:\\\/\\\/safeunlocks.com\\\/es\\\/wp-content\\\/uploads\\\/2024\\\/04\\\/Animation-1713263792417.json&quot;,&quot;id&quot;:68251,&quot;size&quot;:&quot;&quot;,&quot;alt&quot;:&quot;&quot;,&quot;source&quot;:&quot;library&quot;},&quot;loop&quot;:&quot;yes&quot;,&quot;source&quot;:&quot;media_file&quot;,&quot;caption_source&quot;:&quot;none&quot;,&quot;link_to&quot;:&quot;none&quot;,&quot;trigger&quot;:&quot;arriving_to_viewport&quot;,&quot;viewport&quot;:{&quot;unit&quot;:&quot;%&quot;,&quot;size&quot;:&quot;&quot;,&quot;sizes&quot;:{&quot;start&quot;:0,&quot;end&quot;:100}},&quot;play_speed&quot;:{&quot;unit&quot;:&quot;px&quot;,&quot;size&quot;:1,&quot;sizes&quot;:[]},&quot;start_point&quot;:{&quot;unit&quot;:&quot;%&quot;,&quot;size&quot;:0,&quot;sizes&quot;:[]},&quot;end_point&quot;:{&quot;unit&quot;:&quot;%&quot;,&quot;size&quot;:100,&quot;sizes&quot;:[]},&quot;renderer&quot;:&quot;svg&quot;}\" data-widget_type=\"lottie.default\">\n\t\t\t\t<div class=\"elementor-widget-container\">\n\t\t\t\t\t<div class=\"e-lottie__container\"><div class=\"e-lottie__animation\"><\/div><\/div>\t\t\t\t<\/div>\n\t\t\t\t<\/div>\n\t\t\t\t\t<\/div>\n\t\t<\/div>\n\t\t\t\t\t<\/div>\n\t\t<\/section>\n\t\t\t\t<section class=\"elementor-section elementor-top-section elementor-element elementor-element-9aeaadd elementor-section-boxed elementor-section-height-default elementor-section-height-default\" data-id=\"9aeaadd\" data-element_type=\"section\" data-e-type=\"section\">\n\t\t\t\t\t\t<div class=\"elementor-container elementor-column-gap-default\">\n\t\t\t\t\t<div class=\"elementor-column elementor-col-100 elementor-top-column elementor-element elementor-element-1af17ee\" data-id=\"1af17ee\" data-element_type=\"column\" data-e-type=\"column\">\n\t\t\t<div class=\"elementor-widget-wrap elementor-element-populated\">\n\t\t\t\t\t\t<div class=\"elementor-element elementor-element-2ea6345 elementor-widget elementor-widget-spacer\" data-id=\"2ea6345\" data-element_type=\"widget\" data-e-type=\"widget\" data-widget_type=\"spacer.default\">\n\t\t\t\t<div class=\"elementor-widget-container\">\n\t\t\t\t\t\t\t<div class=\"elementor-spacer\">\n\t\t\t<div class=\"elementor-spacer-inner\"><\/div>\n\t\t<\/div>\n\t\t\t\t\t\t<\/div>\n\t\t\t\t<\/div>\n\t\t\t\t\t<\/div>\n\t\t<\/div>\n\t\t\t\t\t<\/div>\n\t\t<\/section>\n\t\t\t\t<section class=\"elementor-section elementor-top-section elementor-element elementor-element-029aa3f elementor-section-boxed elementor-section-height-default elementor-section-height-default\" data-id=\"029aa3f\" data-element_type=\"section\" data-e-type=\"section\">\n\t\t\t\t\t\t<div class=\"elementor-container elementor-column-gap-default\">\n\t\t\t\t\t<div class=\"elementor-column elementor-col-100 elementor-top-column elementor-element elementor-element-a96c5e4\" data-id=\"a96c5e4\" data-element_type=\"column\" data-e-type=\"column\">\n\t\t\t<div class=\"elementor-widget-wrap elementor-element-populated\">\n\t\t\t\t\t\t<div class=\"elementor-element elementor-element-86e5db4 elementor-widget elementor-widget-text-editor\" data-id=\"86e5db4\" data-element_type=\"widget\" data-e-type=\"widget\" data-widget_type=\"text-editor.default\">\n\t\t\t\t<div class=\"elementor-widget-container\">\n\t\t\t\t\t\t\t\t\t<p>Si est\u00e1s lidiando con un dispositivo bloqueado a su proveedor original pero quieres tener la libertad de usarlo con cualquier otro operador, no te preocupes porque aqu\u00ed te ayudamos no solo a entender mejor el problema, sino a solucionarlo. Veamos juntos c\u00f3mo liberar celulares con bloqueo de SIM de red por medio de los 3 m\u00e9todos m\u00e1s conocidos actualmente, as\u00ed que sigue leyendo y aprende todo lo que hay que saber respecto a este problema y cu\u00e1l es el m\u00e9todo que m\u00e1s te conviene.<\/p><h2>\u00bfCu\u00e1l es el c\u00f3digo de desbloqueo de SIM que necesito para liberar mi dispositivo?<\/h2><p>Este es un n\u00famero de por lo general 12 o 15 d\u00edgitos conocido como <a href=\"https:\/\/puretecno.com\/nck-de-desbloqueo-de-sim\/\" target=\"_blank\" rel=\"noopener\">NUC (Network Unlock Code) o NCK (Network Control Key)<\/a>, el cual tienes que ingresar en tu tel\u00e9fono m\u00f3vil para liberarlo. Algo que es importante resaltar es que a pesar de que muchas personas creen que existe algo as\u00ed como un c\u00f3digo universal para cada operador m\u00f3vil, la realidad es que estos son \u00fanicos y creados especialmente para el celular en cuesti\u00f3n.<\/p><p>Es por eso que no puedes usar el mismo NUC en dos dispositivos diferentes o compartirlo con otras personas, porque tu n\u00famero sirve exclusivamente para tu tel\u00e9fono celular, y si no se ingresa en el equipo para el que fue generado no va a funcionar. Ese c\u00f3digo es la \u00fanica manera segura de liberar un celular gratis, hay otros m\u00e9todos como <a href=\"https:\/\/www.proandroid.com\/principales-riesgos-instalar-apk-android\/\" target=\"_blank\" rel=\"noopener\">usar archivos APK o IPA (que pueden venir con malware)<\/a>, pero las \u00fanicas opciones seguras son las que te generan este c\u00f3digo.\u00a0<\/p><h3>\u00bfQu\u00e9 se necesita para realizar el desbloqueo de mi celular con c\u00f3digo NCK?<\/h3><p>Independientemente de c\u00f3mo quieras obtener el c\u00f3digo de liberaci\u00f3n de tu tel\u00e9fono, hay un dato muy importante que s\u00ed o s\u00ed vas a necesitar, y es <a href=\"https:\/\/www.enacom.gob.ar\/imei\" target=\"_blank\" rel=\"noopener\">el n\u00famero IMEI del smartphone<\/a>. Esto es porque como tu NCK es creado espec\u00edficamente para tu dispositivo, tiene que ser compatible con el mismo y se deben considerar sus especificaciones, las cuales contiene el c\u00f3digo IMEI \u00fanico de ese dispositivo.\u00a0<\/p><h2>M\u00e9todo #1 para desbloquear un celular por IMEI: Llama al operador telef\u00f3nico<\/h2><p>Como las compa\u00f1\u00edas de telefon\u00eda son las que ponen este tipo de bloqueos para empezar, la primera opci\u00f3n a considerar es siempre <a href=\"https:\/\/www.youtube.com\/watch?v=k8QsKFZeCNY\" target=\"_blank\" rel=\"noopener\">contactar a tu proveedor de red <\/a>para solicitar que te generen tu c\u00f3digo NCK. Si cumples con los requisitos de elegibilidad de la empresa, podr\u00e1s recibir el c\u00f3digo de desbloqueo de tu celular gratis, pero el proceso cambia un poco dependiendo del operador en cuesti\u00f3n.<\/p><h3>\u00bfC\u00f3mo desbloquear un tel\u00e9fono de Claro Argentina?<\/h3><p>Este operador ha dejado de vender dispositivos bloqueados en los \u00faltimos a\u00f1os, por lo que no existe una p\u00e1gina para enviar tu solicitud de liberaci\u00f3n como s\u00ed se tiene disponible con otras compa\u00f1\u00edas. Sin embargo, s\u00ed hay cierta informaci\u00f3n de inter\u00e9s en la<a href=\"https:\/\/asistencia.claro.com.ar\/asistencia\/celulares-y-accesorios\/tips\/como-puedo-liberar-un-celular\" target=\"_blank\" rel=\"noopener\"> p\u00e1gina web oficial de Claro<\/a>, donde aclaran que para desbloquear celulares con ellos hay que comunicarse por via telef\u00f3nica o ir de manera presencial a una sucursal.<\/p><h3>\u00bfC\u00f3mo liberar un celular de Movistar Argentina?<\/h3><p>Esta compa\u00f1\u00eda cuenta con un<a href=\"https:\/\/ayuda.movistar.com.ar\/pregunta\/como-desbloquear-o-liberar-mi-equipo.html\" target=\"_blank\" rel=\"noopener\"> art\u00edculo informativo<\/a> donde explican que hay dos m\u00e9todos de liberaci\u00f3n disponible, la primera opci\u00f3n ser\u00eda yendo a la <a href=\"https:\/\/simlock.telefonica.com.ar\" target=\"_blank\" rel=\"noopener\">secci\u00f3n de SIMlock de Movistar<\/a> para enviar tu solicitud. La segunda alternativa es desde <a href=\"https:\/\/idp.movistar.com.ar\/convergencia\/login_B.html\" target=\"_blank\" rel=\"noopener\">tu cuenta Mi Movistar<\/a>, donde tendr\u00e1s que iniciar sesi\u00f3n usando el n\u00famero de tu l\u00ednea, ir a la secci\u00f3n de soporte, y haciendo clic donde dice &#8220;Desbloque\u00e1 tu celular&#8221;.<\/p><h3>\u00bfC\u00f3mo liberar celulares gratis con Personal Argentina?<\/h3><p>Este operador actualmente ha dejado de bloquear sus dispositivos m\u00f3viles, es por eso que no cuentan con informaci\u00f3n relacionada al desbloqueo de SIM. Sin embargo, si tienes un dispositivo Personal antiguo que sigue bloqueado, deber\u00e1s contactarlos<a href=\"https:\/\/www.personal.com.ar\/contacto\" target=\"_blank\" rel=\"noopener\"> llamado al 0800 444 0800.<\/a><\/p><h2>M\u00e9todo #2 para liberar un celular: Hacer Jailbreak (iPhone) o Rootear (Smartphones Android)<\/h2><p>Como te ven\u00edamos contando, obtener el c\u00f3digo NCK o NUC de tu dispositivo es la manera m\u00e1s segura de desbloquearlo, lo cual se puede hacer o bien directamente con la compa\u00f1\u00eda telef\u00f3nica o con el servicio externo de <a href=\"https:\/\/safeunlocks.com\/es\/carrier-unlock\/\" target=\"_blank\" rel=\"noopener\">SafeUnlocks<\/a> (explicado en la siguiente secci\u00f3n). Sin embargo, eso no significa que no hayan otros m\u00e9todos externos, entre los cuales el m\u00e1s conocido es rootear o hacerle jailbreak al equipo \u2014para <a href=\"https:\/\/www.android.com\/intl\/es_es\/\" target=\"_blank\" rel=\"noopener\">dispositivos Android <\/a>y de iOS respectivamente\u2014.<\/p><h3>\u00bfC\u00f3mo funciona el proceso de liberar m\u00f3viles via Root\/Jailbreak?<\/h3><p>Bueno, esto no es un procedimiento para como tal liberar tu celular porque la restricci\u00f3n impuesta por el operador nunca se elimina realmente. Lo que se hace en este caso es desactivar las capas de seguridad implementadas de f\u00e1brica en el equipo para as\u00ed obtener mayores permisos al sistema del mismo. Con<a href=\"https:\/\/www.movilzona.es\/noticias\/problemas\/riesgos-rootear-telefono-2021\/\" target=\"_blank\" rel=\"noopener\"> hacer Root\/Jailbreak en un tel\u00e9fono<\/a>, lo que se logra es una evasi\u00f3n de la restricci\u00f3n para acceder al m\u00f3vil temporalmente, pero como te imaginar\u00e1s, un proceso tan invasivo tiene sus riesgos y consecuencias.<\/p><h3>\u00bfEs peligroso hacerle Root\/Jailbreak a mi celular?<\/h3><p>Desafortunadamente, este s\u00ed es un procedimiento riesgoso para cualquier celular porque desactivar las capas de protecci\u00f3n de tu dispositivo lo expone a <a href=\"https:\/\/www.grupoica.com\/blog\/-\/blogs\/9-tipos-ciberataque-debes-conocer\" target=\"_blank\" rel=\"noopener\">diferentes tipos de malware y posibles ciberataques<\/a>. Adem\u00e1s, esto invalida la garant\u00eda de f\u00e1brica del tel\u00e9fono y, dependiendo de la marca y modelo del celular y de si se siguen los pasos correctamente o no, puede afectar permanentemente su funcionamiento y da\u00f1arlo completamente.<\/p><h2>M\u00e9todo #3 para desbloquear tu dispositivo: Usar el software remoto de SafeUnlocks<\/h2><p>Si lo que quieres es una alternativa para liberar tu tel\u00e9fono (de<a href=\"https:\/\/selectra.com.ar\/telefonia-movil\" target=\"_blank\" rel=\"noopener\"> cualquier compa\u00f1\u00eda de telefon\u00eda celular en Argentina<\/a>) pero sin tener que llamar al operador, esperar los 3 a 7 d\u00edas que se demora el proceso con ellos, o cumplir todos los requisitos que ponen, aqu\u00ed tenemos la soluci\u00f3n. En <a href=\"https:\/\/safeunlocks.com\/es\/carrier-unlock\/\" target=\"_blank\" rel=\"noopener\">SafeUnlocks<\/a> contamos con la mejor herramienta de desbloqueo al mejor precio y, lo mejor de todo, sin involucrar procedimientos peligrosos como el root\/jailbreak.\u00a0<\/p><p>Lo que nosotros ofrecemos es un m\u00e9todo no invasivo que sirve para generar de manera remota tu c\u00f3digo NCK, todo sin importar si <a href=\"https:\/\/www.clarin.com\/servicios\/pagar-50-celular-alternativa-reacondicionados-_0_1gNp4lC5M.html\" target=\"_blank\" rel=\"noopener\">el dispositivo es de segunda mano<\/a> o si por alguna u otra raz\u00f3n no eres elegible para la liberaci\u00f3n con tu operador. Esta es la alternativa externa de desbloqueo m\u00e1s segura en internet, est\u00e1 disponible en cualquier pa\u00eds, y solo se cobra una tarifa fija de $1<\/p><h3>\u00bfEste servicio sirve para liberar celulares comprados en otro pa\u00eds?<\/h3><p>Es bien sabido que gran parte de quienes tienen este problema de bloqueo de operador son aquellos que compraron su equipo en el extranjero, pero no nay nada de qu\u00e9 preocuparse porque en <a href=\"https:\/\/safeunlocks.com\/es\/carrier-unlock\/\" target=\"_blank\" rel=\"noopener\">SafeUnlocks<\/a> podemos ayudar. Con nosotros, no hay problema si tu equipo est\u00e1 bloqueado a un operador americano como <a href=\"https:\/\/www.highspeedinternet.com\/es\/recursos\/att-vs-t-mobile-cual-internet-es-mejor\" target=\"_blank\" rel=\"noopener\">AT&amp;T o T-Mobile<\/a>, o de cualquier otro pa\u00eds como <a href=\"https:\/\/www.vodafone.es\/c\/particulares\/es\/\" target=\"_blank\" rel=\"noopener\">Vodafone en Europa<\/a> o <a href=\"https:\/\/www.telcel.com\" target=\"_blank\" rel=\"noopener\">Telcel en M\u00e9xico<\/a>.<\/p><h2>Aprende c\u00f3mo liberar un celular (Samsung, LG, Huawei, Xiaomi, Motorola, etc.) con SafeUnlocks<\/h2><p>Con nuestro servicio de desbloqueo de SIM de red podr\u00e1s abrir las bandas de cualquier tel\u00e9fono m\u00f3vil sin importar su marca, modelo, sistema operativo, u operador original. No importa si tienes un equipo Android como los Sony, Alcatel, Blackberry, o Nokia, o si tienes <a href=\"https:\/\/www.apple.com\/la\/iphone\/buy\/ar\/\" target=\"_blank\" rel=\"noopener\">un iOS como los iPhone<\/a>; en cualquier caso, podremos liberar tu tel\u00e9fono sin problema.\u00a0<\/p><h3>Pasos para desbloquear tu smartphone con SafeUnlocks<\/h3><ul><li>Visita <a href=\"https:\/\/safeunlocks.com\/es\/carrier-unlock\/\" target=\"_blank\" rel=\"noopener\">SafeUnlocks.com<\/a>.<\/li><li>Ve a la secci\u00f3n de desbloqueo de operador.<\/li><li>Ingresa los datos que se te piden en el formulario.<\/li><li>Selecciona<a href=\"https:\/\/www.iprofesional.com\/tecnologia\/363409-como-saber-la-marca-y-modelo-de-mi-celular\" target=\"_blank\" rel=\"noopener\"> la marca de tu celular<\/a>.\u00a0<\/li><li>Env\u00eda tu solicitud y sigue los pasos en pantalla.<\/li><\/ul><h3>\u00bfC\u00f3mo uso el c\u00f3digo NCK de desbloqueo despu\u00e9s de generarlo con SafeUnlocks?<\/h3><p>Cuando ya tengas tu NCK o NUC, tendr\u00e1s que insertar una tarjeta SIM de cualquier otro operador que no sea el que estaba bloqueando el dispositivo m\u00f3vil para empezar; es decir, si ten\u00edas un bloqueo a Movistar, la <a href=\"https:\/\/selectra.com.ar\/empresas\/personal\/chip-personal\" target=\"_blank\" rel=\"noopener\">SIM debe ser de Personal<\/a> u otra compa\u00f1\u00eda. Luego de eso, todo ser\u00e1 cuesti\u00f3n de apagar y prender el celular para que te salga la notificaci\u00f3n de que la nueva SIM es inv\u00e1lida, y cuando eso pase, ingresar el c\u00f3digo de liberaci\u00f3n generado con nosotros.<\/p>\t\t\t\t\t\t\t\t<\/div>\n\t\t\t\t<\/div>\n\t\t\t\t\t<\/div>\n\t\t<\/div>\n\t\t\t\t\t<\/div>\n\t\t<\/section>\n\t\t\t\t<\/div>\n\t\t","protected":false},"excerpt":{"rendered":"<p>Desbloqueo de Operador Argentina Aprovecha los beneficios de tener un dispositivo sin las restricciones del operador. Con SafeUnlocks esto ya es una realidad para cualquier dispositivo en Argentina. No importa que tipo de dispositivo tengas, o el operador que actualmente tengas. Con nuestra herramienta podr\u00e1s liberar tu dispositivo de forma r\u00e1pida y efectiva desde la [&hellip;]<\/p>\n","protected":false},"author":7,"featured_media":0,"parent":0,"menu_order":0,"comment_status":"closed","ping_status":"closed","template":"","meta":{"footnotes":""},"class_list":["post-68249","page","type-page","status-publish","hentry"],"_links":{"self":[{"href":"https:\/\/safeunlocks.com\/es\/wp-json\/wp\/v2\/pages\/68249","targetHints":{"allow":["GET"]}}],"collection":[{"href":"https:\/\/safeunlocks.com\/es\/wp-json\/wp\/v2\/pages"}],"about":[{"href":"https:\/\/safeunlocks.com\/es\/wp-json\/wp\/v2\/types\/page"}],"author":[{"embeddable":true,"href":"https:\/\/safeunlocks.com\/es\/wp-json\/wp\/v2\/users\/7"}],"replies":[{"embeddable":true,"href":"https:\/\/safeunlocks.com\/es\/wp-json\/wp\/v2\/comments?post=68249"}],"version-history":[{"count":0,"href":"https:\/\/safeunlocks.com\/es\/wp-json\/wp\/v2\/pages\/68249\/revisions"}],"wp:attachment":[{"href":"https:\/\/safeunlocks.com\/es\/wp-json\/wp\/v2\/media?parent=68249"}],"curies":[{"name":"wp","href":"https:\/\/api.w.org\/{rel}","templated":true}]}}