{"id":68243,"date":"2024-04-16T10:33:55","date_gmt":"2024-04-16T10:33:55","guid":{"rendered":"https:\/\/safeunlocks.com\/es\/?page_id=68243"},"modified":"2024-07-22T14:32:00","modified_gmt":"2024-07-22T14:32:00","slug":"desbloqueo-de-operador-chile","status":"publish","type":"page","link":"https:\/\/safeunlocks.com\/es\/carrier-unlock\/chile","title":{"rendered":"Desbloqueo de Operador Chile"},"content":{"rendered":"\t\t<div data-elementor-type=\"wp-page\" data-elementor-id=\"68243\" class=\"elementor elementor-68243\" data-elementor-post-type=\"page\">\n\t\t\t\t\t\t<section class=\"elementor-section elementor-top-section elementor-element elementor-element-31674f9 elementor-section-boxed elementor-section-height-default elementor-section-height-default\" data-id=\"31674f9\" data-element_type=\"section\" data-e-type=\"section\">\n\t\t\t\t\t\t<div class=\"elementor-container elementor-column-gap-default\">\n\t\t\t\t\t<div class=\"elementor-column elementor-col-100 elementor-top-column elementor-element elementor-element-9cc5de7\" data-id=\"9cc5de7\" data-element_type=\"column\" data-e-type=\"column\">\n\t\t\t<div class=\"elementor-widget-wrap elementor-element-populated\">\n\t\t\t\t\t\t<div class=\"elementor-element elementor-element-35649c4 elementor-widget elementor-widget-heading\" data-id=\"35649c4\" data-element_type=\"widget\" data-e-type=\"widget\" data-widget_type=\"heading.default\">\n\t\t\t\t<div class=\"elementor-widget-container\">\n\t\t\t\t\t<h2 class=\"elementor-heading-title elementor-size-default\">Desbloqueo de Operador Chile<\/h2>\t\t\t\t<\/div>\n\t\t\t\t<\/div>\n\t\t\t\t<div class=\"elementor-element elementor-element-c552d29 elementor-widget elementor-widget-spacer\" data-id=\"c552d29\" data-element_type=\"widget\" data-e-type=\"widget\" data-widget_type=\"spacer.default\">\n\t\t\t\t<div class=\"elementor-widget-container\">\n\t\t\t\t\t\t\t<div class=\"elementor-spacer\">\n\t\t\t<div class=\"elementor-spacer-inner\"><\/div>\n\t\t<\/div>\n\t\t\t\t\t\t<\/div>\n\t\t\t\t<\/div>\n\t\t\t\t\t<\/div>\n\t\t<\/div>\n\t\t\t\t\t<\/div>\n\t\t<\/section>\n\t\t\t\t<section class=\"elementor-section elementor-top-section elementor-element elementor-element-878e907 elementor-section-boxed elementor-section-height-default elementor-section-height-default\" data-id=\"878e907\" data-element_type=\"section\" data-e-type=\"section\">\n\t\t\t\t\t\t<div class=\"elementor-container elementor-column-gap-default\">\n\t\t\t\t\t<div class=\"elementor-column elementor-col-50 elementor-top-column elementor-element elementor-element-00988ba\" data-id=\"00988ba\" data-element_type=\"column\" data-e-type=\"column\">\n\t\t\t<div class=\"elementor-widget-wrap elementor-element-populated\">\n\t\t\t\t\t\t<div class=\"elementor-element elementor-element-3e68077 elementor-widget elementor-widget-text-editor\" data-id=\"3e68077\" data-element_type=\"widget\" data-e-type=\"widget\" data-widget_type=\"text-editor.default\">\n\t\t\t\t<div class=\"elementor-widget-container\">\n\t\t\t\t\t\t\t\t\t<p>\u00bfTe gustar\u00eda poder usar cualquier operador en Chile? Si tienes este y muchos otros problemas, SafeUnlocks ha creado una herramienta que te permite desbloquear tu dispositivo del operador. Lo mejor de todo es que esta herramienta ha sido probada con distintos operadores en Chile, por lo cual puedes tener la certeza que esta es una aplicaci\u00f3n confiable y segura.<\/p>\t\t\t\t\t\t\t\t<\/div>\n\t\t\t\t<\/div>\n\t\t\t\t<div class=\"elementor-element elementor-element-6b35984 elementor-align-center elementor-widget elementor-widget-button\" data-id=\"6b35984\" data-element_type=\"widget\" data-e-type=\"widget\" data-widget_type=\"button.default\">\n\t\t\t\t<div class=\"elementor-widget-container\">\n\t\t\t\t\t\t\t\t\t<div class=\"elementor-button-wrapper\">\n\t\t\t\t\t<a class=\"elementor-button elementor-button-link elementor-size-sm\" href=\"https:\/\/safeunlocks.com\/es\/carrier-unlock\/\">\n\t\t\t\t\t\t<span class=\"elementor-button-content-wrapper\">\n\t\t\t\t\t\t\t\t\t<span class=\"elementor-button-text\">Desbloqueo de Operador Chile<\/span>\n\t\t\t\t\t<\/span>\n\t\t\t\t\t<\/a>\n\t\t\t\t<\/div>\n\t\t\t\t\t\t\t\t<\/div>\n\t\t\t\t<\/div>\n\t\t\t\t\t<\/div>\n\t\t<\/div>\n\t\t\t\t<div class=\"elementor-column elementor-col-50 elementor-top-column elementor-element elementor-element-ea3787a\" data-id=\"ea3787a\" data-element_type=\"column\" data-e-type=\"column\">\n\t\t\t<div class=\"elementor-widget-wrap elementor-element-populated\">\n\t\t\t\t\t\t<div class=\"elementor-element elementor-element-a531870 elementor-align-center elementor-widget elementor-widget-lottie\" data-id=\"a531870\" data-element_type=\"widget\" data-e-type=\"widget\" data-settings=\"{&quot;source_json&quot;:{&quot;url&quot;:&quot;https:\\\/\\\/safeunlocks.com\\\/es\\\/wp-content\\\/uploads\\\/2024\\\/04\\\/Animation-1713263539643.json&quot;,&quot;id&quot;:68245,&quot;size&quot;:&quot;&quot;,&quot;alt&quot;:&quot;&quot;,&quot;source&quot;:&quot;library&quot;},&quot;loop&quot;:&quot;yes&quot;,&quot;source&quot;:&quot;media_file&quot;,&quot;caption_source&quot;:&quot;none&quot;,&quot;link_to&quot;:&quot;none&quot;,&quot;trigger&quot;:&quot;arriving_to_viewport&quot;,&quot;viewport&quot;:{&quot;unit&quot;:&quot;%&quot;,&quot;size&quot;:&quot;&quot;,&quot;sizes&quot;:{&quot;start&quot;:0,&quot;end&quot;:100}},&quot;play_speed&quot;:{&quot;unit&quot;:&quot;px&quot;,&quot;size&quot;:1,&quot;sizes&quot;:[]},&quot;start_point&quot;:{&quot;unit&quot;:&quot;%&quot;,&quot;size&quot;:0,&quot;sizes&quot;:[]},&quot;end_point&quot;:{&quot;unit&quot;:&quot;%&quot;,&quot;size&quot;:100,&quot;sizes&quot;:[]},&quot;renderer&quot;:&quot;svg&quot;}\" data-widget_type=\"lottie.default\">\n\t\t\t\t<div class=\"elementor-widget-container\">\n\t\t\t\t\t<div class=\"e-lottie__container\"><div class=\"e-lottie__animation\"><\/div><\/div>\t\t\t\t<\/div>\n\t\t\t\t<\/div>\n\t\t\t\t\t<\/div>\n\t\t<\/div>\n\t\t\t\t\t<\/div>\n\t\t<\/section>\n\t\t\t\t<section class=\"elementor-section elementor-top-section elementor-element elementor-element-1496e93 elementor-section-boxed elementor-section-height-default elementor-section-height-default\" data-id=\"1496e93\" data-element_type=\"section\" data-e-type=\"section\">\n\t\t\t\t\t\t<div class=\"elementor-container elementor-column-gap-default\">\n\t\t\t\t\t<div class=\"elementor-column elementor-col-100 elementor-top-column elementor-element elementor-element-1d57b4a\" data-id=\"1d57b4a\" data-element_type=\"column\" data-e-type=\"column\">\n\t\t\t<div class=\"elementor-widget-wrap elementor-element-populated\">\n\t\t\t\t\t\t<div class=\"elementor-element elementor-element-4efc458 elementor-widget elementor-widget-spacer\" data-id=\"4efc458\" data-element_type=\"widget\" data-e-type=\"widget\" data-widget_type=\"spacer.default\">\n\t\t\t\t<div class=\"elementor-widget-container\">\n\t\t\t\t\t\t\t<div class=\"elementor-spacer\">\n\t\t\t<div class=\"elementor-spacer-inner\"><\/div>\n\t\t<\/div>\n\t\t\t\t\t\t<\/div>\n\t\t\t\t<\/div>\n\t\t\t\t\t<\/div>\n\t\t<\/div>\n\t\t\t\t\t<\/div>\n\t\t<\/section>\n\t\t\t\t<section class=\"elementor-section elementor-top-section elementor-element elementor-element-56be43d elementor-section-boxed elementor-section-height-default elementor-section-height-default\" data-id=\"56be43d\" data-element_type=\"section\" data-e-type=\"section\">\n\t\t\t\t\t\t<div class=\"elementor-container elementor-column-gap-default\">\n\t\t\t\t\t<div class=\"elementor-column elementor-col-100 elementor-top-column elementor-element elementor-element-c4a0015\" data-id=\"c4a0015\" data-element_type=\"column\" data-e-type=\"column\">\n\t\t\t<div class=\"elementor-widget-wrap elementor-element-populated\">\n\t\t\t\t\t\t<div class=\"elementor-element elementor-element-ae8afe8 elementor-widget elementor-widget-text-editor\" data-id=\"ae8afe8\" data-element_type=\"widget\" data-e-type=\"widget\" data-widget_type=\"text-editor.default\">\n\t\t\t\t<div class=\"elementor-widget-container\">\n\t\t\t\t\t\t\t\t\t<p>Si bien de algunos a\u00f1os para ac\u00e1 todos los tel\u00e9fonos m\u00f3viles vendidos por operadores chilenos vienen desbloqueados, a\u00fan hay usuarios que compraron sus equipos hace mucho tiempo y est\u00e1n lidiando con este problema. Sin embargo, en <a href=\"https:\/\/safeunlocks.com\/es\/carrier-unlock\/\" target=\"_blank\" rel=\"noopener\">SafeUnlocks<\/a> hemos desarrollado la herramienta de liberaci\u00f3n perfecta para esta situaci\u00f3n, as\u00ed que sigue leyendo y aprende c\u00f3mo liberar celulares con nosotros en solo 4 pasos.<\/p><h2>\u00bfDe qu\u00e9 se trata el bloqueo de SIM de operador en iPhone y dispositivos Android?<\/h2><p>Todas las redes telef\u00f3nicas operan bajo diferentes frecuencias radiales, y todos los dispositivos m\u00f3viles est\u00e1n programados de f\u00e1brica para poderse conectar a cualquiera de ellas sin problema. Sin embargo, hasta hace pocos a\u00f1os, la gran mayor\u00eda de operadores ten\u00edan la costumbre de bloquear los celulares que vend\u00edan para que solo funcionaran con su red espec\u00edfica.<\/p><p>Esto de hecho todav\u00eda sucede en muchos otros pa\u00edses, y se hace por medio de un cierre de bandas celulares o terminales m\u00f3viles que tienen todos los tel\u00e9fonos. Es como si a un radio que, como ya sabemos, est\u00e1 dise\u00f1ado para sincronizarse con diferentes canales, se le pusiera un bloqueo para poder sintonizar una sola estaci\u00f3n. As\u00ed mismo, hay <a href=\"https:\/\/www.mundodeportivo.com\/uncomo\/tecnologia\/articulo\/como-saber-si-mi-movil-es-libre-50505.html\" target=\"_blank\" rel=\"noopener\">celulares que vienen con bandas cerradas <\/a>para poder sintonizar una sola red telef\u00f3nica, lo cual puede ser bastante problem\u00e1tico para los usuarios.<\/p><h3>\u00bfEn qu\u00e9 me afecta que mi celular est\u00e9 bloqueado a su operador original?<\/h3><p>Si bien al principio uno no tiene bien claro c\u00f3mo este bloqueo limita sus opciones, s\u00ed es verdad que esto puede afectarte mucho. Para empezar, un celular bloqueado te limita a los precios, cobertura, e incentivos de los planes que ofrece<a href=\"https:\/\/www.youtube.com\/watch?v=cwnA0xOBKMk\" target=\"_blank\" rel=\"noopener\"> el operador original de tu celular<\/a>, as\u00ed que no tienes libertad real para elegir lo que te conviene. Adem\u00e1s, si tu tel\u00e9fono est\u00e1 bloqueado, no va a funcionar fuera del \u00e1rea de cobertura de esa compa\u00f1\u00eda telef\u00f3nica a menos que <a href=\"https:\/\/www.enter.co\/cultura-digital\/tecnoviajero\/al-viajar-activo-roaming-o-compro-una-sim-en-otro-pais\/#:~:text=Si+el+viaje+es+por,un+plan+de+datos+local.\" target=\"_blank\" rel=\"noopener\">pagues altos cargos por roaming de datos<\/a>, por no mencionar que el equipo no va a funcionar en el extranjero.<\/p><h2>Liberando celulares gratis directamente con el operador: Informaci\u00f3n de inter\u00e9s<\/h2><p>Si tu tienes un tel\u00e9fono m\u00f3vil que est\u00e1 bloqueado a su proveedor de red, lo mejor es contactar a la compa\u00f1\u00eda directamente para solicitar el desbloqueo. Sin embargo, no porque lo pidas significa que ellos van a aceptar ya que hay bastantes requisitos y condiciones que debes cumplir para liberar un celular por IMEI gratis. De todos modos, si quieres consultar qu\u00e9 se necesita y c\u00f3mo es el proceso con tu operador en espec\u00edfico, es mejor que los llames directamente:<\/p><ul><li>Claro: 800 171 171 o<a href=\"https:\/\/digital.clarochile.cl\/desbloqueo-de-equipo\/\" target=\"_blank\" rel=\"noopener\"> llena su formulario de atenci\u00f3n a clientes<\/a>.<\/li><li><a href=\"https:\/\/www.entel.cl\" target=\"_blank\" rel=\"noopener\">Entel<\/a>:\u00a0600 3600 103.<\/li><li>Movistar: 104 o 600 600 3200 o <a href=\"https:\/\/www.movistar.cl\/desbloqueo-de-equipos-moviles\" target=\"_blank\" rel=\"noopener\">visita su p\u00e1gina de desbloqueos online<\/a>.<\/li><li><a href=\"https:\/\/vtr.com\" target=\"_blank\" rel=\"noopener\">VTR<\/a>: 600 800 9000.<\/li><li><a href=\"https:\/\/www.wom.cl\" target=\"_blank\" rel=\"noopener\">WOM<\/a>: 22 337 7600.<\/li><\/ul><h3>\u00bfQu\u00e9 quiere decir que yo no sea elegible para el desbloqueo?<\/h3><p>Como te ven\u00edamos contando, existen diferentes requisitos y condiciones que se ponen a la hora de desbloquear un celular; por ejemplo, el equipo no puede estar<a href=\"https:\/\/multibanda.cl\/consulta-tu-imei\/\" target=\"_blank\" rel=\"noopener\"> reportado en lista negra<\/a> y no puedes tener pagos atrasados con el operador. Adem\u00e1s, recuerda que es necesario que seas el propietario original del dispositivo, lo cual aplica para cualquier compa\u00f1\u00eda, as\u00ed que si <a href=\"https:\/\/www.ding.com\/es\/community\/consejos-al-comprar-un-telefono-de-segunda-mano\" target=\"_blank\" rel=\"noopener\">tienes un celular de segunda mano<\/a>, no podr\u00e1 ser liberado.<\/p><p>Entonces, respondiendo la pregunta, si intentaste completar el proceso con tu operador pero te dijeron que no eres elegible, significa que no cumples con alguno de los criterios de elegibilidad que ellos manejan. Sin embargo, no te preocupes porque eso no quiere decir necesariamente que el equipo va a quedar bloqueado permanentemente; de hecho, hay otros m\u00e9todos que puedes usar en estas circunstancias.<\/p><h2>Casos en los que es mejor desbloquear tu celular online con un tercero<\/h2><p>Si bien contactar al proveedor de servicios telef\u00f3nicos es siempre la primera alternativa a considerar para liberar tu tel\u00e9fono, tiene que haber alguna otra opci\u00f3n que sirva bajo ciertas circunstancias. Un servicio externo como <a href=\"https:\/\/safeunlocks.com\/es\/carrier-unlock\/\" target=\"_blank\" rel=\"noopener\">SafeUnlocks<\/a> es la soluci\u00f3n para todos quienes, por ejemplo, compraron celulares de segunda que ven\u00edan bloqueados o <a href=\"https:\/\/www.infobae.com\/america\/tecno\/2022\/11\/25\/cual-es-la-diferencia-entre-un-celular-que-se-compra-en-una-tienda-oficial-y-el-que-viene-de-un-operador-movil\/\" target=\"_blank\" rel=\"noopener\">financiaron el equipo a cuotas<\/a> y no lo han terminado de pagar.<\/p><p>Nosotros ofrecemos un m\u00e9todo externo que est\u00e1 disponible 24\/7 a nivel mundial, con el cual no hay ning\u00fan tipo de condiciones ni restricciones sin importar si est\u00e1s en buenos t\u00e9rminos con el operador o no. Como somos un tercero, cualquiera puede liberar cualquier celular en Chile del bloqueo de SIM de red para poder <a href=\"https:\/\/www.subtel.gob.cl\/preguntas-frecuentes2\/\" target=\"_blank\" rel=\"noopener\">usar tarjetas SIM de otras compa\u00f1\u00edas<\/a> sin problemas, y todo por un \u00fanico pago de $1 por dispositivo liberado.<\/p><h3>SafeUnlocks: La mejor plataforma de liberaci\u00f3n en internet<\/h3><ul><li>Nosotros no ofrecemos un bypass temporal, esto es un desbloqueo completo y permanente.<\/li><li>Nuestro servicio funciona con cualquier operador incluyendo los extranjeros como<a href=\"https:\/\/www.t-mobile.com\/\" target=\"_blank\" rel=\"noopener\"> T-Mobile<\/a>, Telcel, <a href=\"https:\/\/www.vodafone.es\/c\/particulares\/es\/\" target=\"_blank\" rel=\"noopener\">Vodafone<\/a>, Orange, y dem\u00e1s.<\/li><li>El proceso para desbloquear celulares con <a href=\"https:\/\/safeunlocks.com\/es\/carrier-unlock\/\" target=\"_blank\" rel=\"noopener\">SafeUnlocks<\/a> toma como m\u00e1ximo media hora mientras procesamos la solicitud.<\/li><li>Este servicio est\u00e1 disponible para celulares de cualquier marca incluyendo <a href=\"https:\/\/www.samsung.com\/cl\/smartphones\/\" target=\"_blank\" rel=\"noopener\">Samsung<\/a>, Huawei, <a href=\"https:\/\/www.motorola.cl\" target=\"_blank\" rel=\"noopener\">Motorola<\/a>, LG, <a href=\"https:\/\/www.apple.com\/cl\/store\" target=\"_blank\" rel=\"noopener\">Apple<\/a>, y muchas m\u00e1s.<\/li><li>Nosotros manejamos el cobro \u00fanico de una tarifa fija de $1 sin importar la marca o modelo del equipo, no hay otros cargos ocultos ni nada parecido.<\/li><\/ul><h2>Instrucciones para desbloquear celulares por IMEI con SafeUnlocks en 4 pasos<\/h2><p>Lo primero que tendr\u00e1s que hacer para liberar tu celular con nuestra plataforma en l\u00ednea es enviarnos tu solicitud, para lo cual tendr\u00e1s que visitar <a href=\"https:\/\/safeunlocks.com\/es\/carrier-unlock\/\" target=\"_blank\" rel=\"noopener\">SafeUnlocks.com <\/a>e ir a la secci\u00f3n de eliminaci\u00f3n de bloqueo de SIM de red. Una vez all\u00ed, ver\u00e1s un formulario en el cual te pediremos ciertos datos b\u00e1sicos para la orden, por supuesto, no ser\u00e1 nada que comprometa tu privacidad o seguridad, simplemente necesitaremos tu nombre, correo, y tanto la marca como <a href=\"https:\/\/www.gsmpro.cl\/blogs\/tips\/como-saber-el-imei-de-tu-celular-y-que-utilidad-tiene\" target=\"_blank\" rel=\"noopener\">el c\u00f3digo IMEI del dispositivo<\/a>.<\/p><h3>\u00a1Crea tu cuenta con nosotros para seguir con el proceso!<\/h3><p>Luego de que nos env\u00edes tu solicitud, te pediremos que crees tu usuario y contrase\u00f1a para que te vuelvas miembro de <a href=\"https:\/\/safeunlocks.com\/es\/carrier-unlock\/\" target=\"_blank\" rel=\"noopener\">SafeUnlocks<\/a>, eso solamente si es la primera vez que usas nuestros servicios. Si ya tienes una, simplemente inicia sesi\u00f3n, y si no la tienes, sigue los pasos para que tu informaci\u00f3n est\u00e9 protegida por tu contrase\u00f1a secreta.<\/p><h3>\u00a1Genera el pago de $1!<\/h3><p>Como te mencionamos anteriormente, nuestro servicio para liberar m\u00f3viles tiene un costo de $1 por cada equipo desbloqueado. Esa tarifa aplica para cualquier pa\u00eds, operadora, <a href=\"https:\/\/www.iprofesional.com\/tecnologia\/363409-como-saber-la-marca-y-modelo-de-mi-celular\" target=\"_blank\" rel=\"noopener\">marca de celular, y modelo espec\u00edfico<\/a>, as\u00ed que no te preocupes porque te vayamos a cobrar m\u00e1s de eso.<\/p><h3>\u00a1Descarga tu c\u00f3digo de desbloqueo!<\/h3><p>Luego de finalizar el proceso para liberar por IMEI tu equipo, nosotros tomaremos unos minutos para procesar la orden, y luego de eso te enviaremos un n\u00famero que te servir\u00e1 para eliminar el bloqueo del smartphone. Este es un c\u00f3digo de liberaci\u00f3n o desbloqueo conocido como<a href=\"https:\/\/puretecno.com\/nck-de-desbloqueo-de-sim\/\" target=\"_blank\" rel=\"noopener\"> NCK (Network Unlock Key)<\/a>, el cual se genera en base al n\u00famero IMEI de tu celular de forma remota para que lo ingreses y elimines la restricci\u00f3n del mismo.<\/p><h2>C\u00f3mo verificar si el proceso fue exitoso luego de desbloquear tu dispositivo con nosotros<\/h2><p>Si ya realizaste el desbloqueo de celular con nosotros (o con cualquier otro m\u00e9todo), es muy importante que te asegures de que todo haya salido bien y que tu equipo est\u00e9 en efecto, completamente liberado. Hay muchas opciones para ello, pero las m\u00e1s recomendadas son o bien usar una p\u00e1gina de verificaci\u00f3n de celular por c\u00f3digo IMEI o intentar usar el equipo con una SIM diferente.<\/p><h3>\u00bfC\u00f3mo se hace una consulta de bloqueo de SIM por internet?<\/h3><p>Para esto, tendr\u00e1s que usar la plataforma de &#8220;IMEI check&#8221; de tu preferencia, pero si quieres una recomendaci\u00f3n, una de las mejores es la <a href=\"https:\/\/imei.org\/es\/check-imei\/sim-lock\" target=\"_blank\" rel=\"noopener\">p\u00e1gina de verificaci\u00f3n de bloqueo de SIM llamada IEMI.org<\/a>. Para &#8220;chequear IMEI&#8221; o consultar el estado de tu tel\u00e9fono, necesitar\u00e1s precisamente el IMEI\/MEID del dispositivo en cuesti\u00f3n; luego del proceso de desbloqueo de SIM, te tendr\u00e1 que salir que el equipo est\u00e1 liberado.<\/p><h3>\u00bfC\u00f3mo revisar si la liberaci\u00f3n fue exitosa con una SIM de otra red?<\/h3><p>Siguiendo la l\u00f3gica de que los celulares desbloqueados funcionan con cualquier red m\u00f3vil sin importar su pa\u00eds y operador de origen, solo tienes que buscarte<a href=\"https:\/\/comparaiso.cl\/celular\" target=\"_blank\" rel=\"noopener\"> una tarjeta SIM de cualquier otro operador<\/a> e intentar usarla. Si el chip funciona y tu tel\u00e9fono opera sin problema, significa que el proceso fue exitoso, y que de ahora en adelante no tendr\u00e1s limitaciones respecto a la conectividad de tu equipo.<\/p>\t\t\t\t\t\t\t\t<\/div>\n\t\t\t\t<\/div>\n\t\t\t\t\t<\/div>\n\t\t<\/div>\n\t\t\t\t\t<\/div>\n\t\t<\/section>\n\t\t\t\t<\/div>\n\t\t","protected":false},"excerpt":{"rendered":"<p>Desbloqueo de Operador Chile \u00bfTe gustar\u00eda poder usar cualquier operador en Chile? Si tienes este y muchos otros problemas, SafeUnlocks ha creado una herramienta que te permite desbloquear tu dispositivo del operador. Lo mejor de todo es que esta herramienta ha sido probada con distintos operadores en Chile, por lo cual puedes tener la certeza [&hellip;]<\/p>\n","protected":false},"author":7,"featured_media":0,"parent":0,"menu_order":0,"comment_status":"closed","ping_status":"closed","template":"","meta":{"footnotes":""},"class_list":["post-68243","page","type-page","status-publish","hentry"],"_links":{"self":[{"href":"https:\/\/safeunlocks.com\/es\/wp-json\/wp\/v2\/pages\/68243","targetHints":{"allow":["GET"]}}],"collection":[{"href":"https:\/\/safeunlocks.com\/es\/wp-json\/wp\/v2\/pages"}],"about":[{"href":"https:\/\/safeunlocks.com\/es\/wp-json\/wp\/v2\/types\/page"}],"author":[{"embeddable":true,"href":"https:\/\/safeunlocks.com\/es\/wp-json\/wp\/v2\/users\/7"}],"replies":[{"embeddable":true,"href":"https:\/\/safeunlocks.com\/es\/wp-json\/wp\/v2\/comments?post=68243"}],"version-history":[{"count":0,"href":"https:\/\/safeunlocks.com\/es\/wp-json\/wp\/v2\/pages\/68243\/revisions"}],"wp:attachment":[{"href":"https:\/\/safeunlocks.com\/es\/wp-json\/wp\/v2\/media?parent=68243"}],"curies":[{"name":"wp","href":"https:\/\/api.w.org\/{rel}","templated":true}]}}