{"id":68234,"date":"2024-04-16T10:30:19","date_gmt":"2024-04-16T10:30:19","guid":{"rendered":"https:\/\/safeunlocks.com\/es\/?page_id=68234"},"modified":"2024-07-22T14:21:32","modified_gmt":"2024-07-22T14:21:32","slug":"desbloqueo-de-operador-peru","status":"publish","type":"page","link":"https:\/\/safeunlocks.com\/es\/carrier-unlock\/peru","title":{"rendered":"Desbloqueo de Operador Per\u00fa"},"content":{"rendered":"\t\t<div data-elementor-type=\"wp-page\" data-elementor-id=\"68234\" class=\"elementor elementor-68234\" data-elementor-post-type=\"page\">\n\t\t\t\t\t\t<section class=\"elementor-section elementor-top-section elementor-element elementor-element-31674f9 elementor-section-boxed elementor-section-height-default elementor-section-height-default\" data-id=\"31674f9\" data-element_type=\"section\" data-e-type=\"section\">\n\t\t\t\t\t\t<div class=\"elementor-container elementor-column-gap-default\">\n\t\t\t\t\t<div class=\"elementor-column elementor-col-100 elementor-top-column elementor-element elementor-element-9cc5de7\" data-id=\"9cc5de7\" data-element_type=\"column\" data-e-type=\"column\">\n\t\t\t<div class=\"elementor-widget-wrap elementor-element-populated\">\n\t\t\t\t\t\t<div class=\"elementor-element elementor-element-35649c4 elementor-widget elementor-widget-heading\" data-id=\"35649c4\" data-element_type=\"widget\" data-e-type=\"widget\" data-widget_type=\"heading.default\">\n\t\t\t\t<div class=\"elementor-widget-container\">\n\t\t\t\t\t<h2 class=\"elementor-heading-title elementor-size-default\">Desbloqueo de Operador Per\u00fa<\/h2>\t\t\t\t<\/div>\n\t\t\t\t<\/div>\n\t\t\t\t<div class=\"elementor-element elementor-element-c552d29 elementor-widget elementor-widget-spacer\" data-id=\"c552d29\" data-element_type=\"widget\" data-e-type=\"widget\" data-widget_type=\"spacer.default\">\n\t\t\t\t<div class=\"elementor-widget-container\">\n\t\t\t\t\t\t\t<div class=\"elementor-spacer\">\n\t\t\t<div class=\"elementor-spacer-inner\"><\/div>\n\t\t<\/div>\n\t\t\t\t\t\t<\/div>\n\t\t\t\t<\/div>\n\t\t\t\t\t<\/div>\n\t\t<\/div>\n\t\t\t\t\t<\/div>\n\t\t<\/section>\n\t\t\t\t<section class=\"elementor-section elementor-top-section elementor-element elementor-element-878e907 elementor-section-boxed elementor-section-height-default elementor-section-height-default\" data-id=\"878e907\" data-element_type=\"section\" data-e-type=\"section\">\n\t\t\t\t\t\t<div class=\"elementor-container elementor-column-gap-default\">\n\t\t\t\t\t<div class=\"elementor-column elementor-col-50 elementor-top-column elementor-element elementor-element-00988ba\" data-id=\"00988ba\" data-element_type=\"column\" data-e-type=\"column\">\n\t\t\t<div class=\"elementor-widget-wrap elementor-element-populated\">\n\t\t\t\t\t\t<div class=\"elementor-element elementor-element-3e68077 elementor-widget elementor-widget-text-editor\" data-id=\"3e68077\" data-element_type=\"widget\" data-e-type=\"widget\" data-widget_type=\"text-editor.default\">\n\t\t\t\t<div class=\"elementor-widget-container\">\n\t\t\t\t\t\t\t\t\t<p>Elimina el bloqueo del operador en tu tel\u00e9fono peruano. SafeUnlocks es una herramienta compatible con todos los operadores a nivel nacional e internacional. Elimina las restricciones de tu operador y comienza a disfrutar de todos los beneficios, tales como ahorrar dinero con los nuevos operadores que llegan al pa\u00eds. Te invitamos a usar nuestra herramienta 100% Online y Segura.<\/p>\t\t\t\t\t\t\t\t<\/div>\n\t\t\t\t<\/div>\n\t\t\t\t<div class=\"elementor-element elementor-element-6b35984 elementor-align-center elementor-widget elementor-widget-button\" data-id=\"6b35984\" data-element_type=\"widget\" data-e-type=\"widget\" data-widget_type=\"button.default\">\n\t\t\t\t<div class=\"elementor-widget-container\">\n\t\t\t\t\t\t\t\t\t<div class=\"elementor-button-wrapper\">\n\t\t\t\t\t<a class=\"elementor-button elementor-button-link elementor-size-sm\" href=\"https:\/\/safeunlocks.com\/es\/carrier-unlock\/\">\n\t\t\t\t\t\t<span class=\"elementor-button-content-wrapper\">\n\t\t\t\t\t\t\t\t\t<span class=\"elementor-button-text\">Desbloqueo de Operador Per\u00fa<\/span>\n\t\t\t\t\t<\/span>\n\t\t\t\t\t<\/a>\n\t\t\t\t<\/div>\n\t\t\t\t\t\t\t\t<\/div>\n\t\t\t\t<\/div>\n\t\t\t\t\t<\/div>\n\t\t<\/div>\n\t\t\t\t<div class=\"elementor-column elementor-col-50 elementor-top-column elementor-element elementor-element-ea3787a\" data-id=\"ea3787a\" data-element_type=\"column\" data-e-type=\"column\">\n\t\t\t<div class=\"elementor-widget-wrap elementor-element-populated\">\n\t\t\t\t\t\t<div class=\"elementor-element elementor-element-a531870 elementor-align-center elementor-widget elementor-widget-lottie\" data-id=\"a531870\" data-element_type=\"widget\" data-e-type=\"widget\" data-settings=\"{&quot;source_json&quot;:{&quot;url&quot;:&quot;https:\\\/\\\/safeunlocks.com\\\/es\\\/wp-content\\\/uploads\\\/2024\\\/04\\\/Animation-1713263292603.json&quot;,&quot;id&quot;:68236,&quot;size&quot;:&quot;&quot;,&quot;alt&quot;:&quot;&quot;,&quot;source&quot;:&quot;library&quot;},&quot;loop&quot;:&quot;yes&quot;,&quot;source&quot;:&quot;media_file&quot;,&quot;caption_source&quot;:&quot;none&quot;,&quot;link_to&quot;:&quot;none&quot;,&quot;trigger&quot;:&quot;arriving_to_viewport&quot;,&quot;viewport&quot;:{&quot;unit&quot;:&quot;%&quot;,&quot;size&quot;:&quot;&quot;,&quot;sizes&quot;:{&quot;start&quot;:0,&quot;end&quot;:100}},&quot;play_speed&quot;:{&quot;unit&quot;:&quot;px&quot;,&quot;size&quot;:1,&quot;sizes&quot;:[]},&quot;start_point&quot;:{&quot;unit&quot;:&quot;%&quot;,&quot;size&quot;:0,&quot;sizes&quot;:[]},&quot;end_point&quot;:{&quot;unit&quot;:&quot;%&quot;,&quot;size&quot;:100,&quot;sizes&quot;:[]},&quot;renderer&quot;:&quot;svg&quot;}\" data-widget_type=\"lottie.default\">\n\t\t\t\t<div class=\"elementor-widget-container\">\n\t\t\t\t\t<div class=\"e-lottie__container\"><div class=\"e-lottie__animation\"><\/div><\/div>\t\t\t\t<\/div>\n\t\t\t\t<\/div>\n\t\t\t\t\t<\/div>\n\t\t<\/div>\n\t\t\t\t\t<\/div>\n\t\t<\/section>\n\t\t\t\t<section class=\"elementor-section elementor-top-section elementor-element elementor-element-8c335f8 elementor-section-boxed elementor-section-height-default elementor-section-height-default\" data-id=\"8c335f8\" data-element_type=\"section\" data-e-type=\"section\">\n\t\t\t\t\t\t<div class=\"elementor-container elementor-column-gap-default\">\n\t\t\t\t\t<div class=\"elementor-column elementor-col-100 elementor-top-column elementor-element elementor-element-0329994\" data-id=\"0329994\" data-element_type=\"column\" data-e-type=\"column\">\n\t\t\t<div class=\"elementor-widget-wrap elementor-element-populated\">\n\t\t\t\t\t\t<div class=\"elementor-element elementor-element-6c3f7ea elementor-widget elementor-widget-spacer\" data-id=\"6c3f7ea\" data-element_type=\"widget\" data-e-type=\"widget\" data-widget_type=\"spacer.default\">\n\t\t\t\t<div class=\"elementor-widget-container\">\n\t\t\t\t\t\t\t<div class=\"elementor-spacer\">\n\t\t\t<div class=\"elementor-spacer-inner\"><\/div>\n\t\t<\/div>\n\t\t\t\t\t\t<\/div>\n\t\t\t\t<\/div>\n\t\t\t\t\t<\/div>\n\t\t<\/div>\n\t\t\t\t\t<\/div>\n\t\t<\/section>\n\t\t\t\t<section class=\"elementor-section elementor-top-section elementor-element elementor-element-5e1caca elementor-section-boxed elementor-section-height-default elementor-section-height-default\" data-id=\"5e1caca\" data-element_type=\"section\" data-e-type=\"section\">\n\t\t\t\t\t\t<div class=\"elementor-container elementor-column-gap-default\">\n\t\t\t\t\t<div class=\"elementor-column elementor-col-100 elementor-top-column elementor-element elementor-element-5e78b98\" data-id=\"5e78b98\" data-element_type=\"column\" data-e-type=\"column\">\n\t\t\t<div class=\"elementor-widget-wrap elementor-element-populated\">\n\t\t\t\t\t\t<div class=\"elementor-element elementor-element-3d76604 elementor-widget elementor-widget-text-editor\" data-id=\"3d76604\" data-element_type=\"widget\" data-e-type=\"widget\" data-widget_type=\"text-editor.default\">\n\t\t\t\t<div class=\"elementor-widget-container\">\n\t\t\t\t\t\t\t\t\t<p>Si bien la mayor\u00eda de operadores m\u00f3viles en Per\u00fa ofrecen la opci\u00f3n a sus clientes de comprar su tel\u00e9fono celular ya liberado, esos equipos son m\u00e1s caros y las personas se inclinan m\u00e1s por comprar uno bloqueado pero un poco menos costoso. Sin embargo, poco saben los usuarios de las complicaciones que pueden venir con un m\u00f3vil que tiene las bandas cerradas a una sola red telef\u00f3nica. Sigue leyendo esta gu\u00eda y aprende todo lo que hay que saber sobre el bloqueo de dispositivos m\u00f3viles y c\u00f3mo liberar celulares gratis a cualquier operador en 2024.<\/p><h2>\u00bfC\u00f3mo averiguar si mi celular est\u00e1 bloqueado a su operador telef\u00f3nico por IMEI gratis?<\/h2><p>Si tu compraste tu tel\u00e9fono m\u00f3vil digamos con <a href=\"https:\/\/www.movistar.com.pe\" target=\"_blank\" rel=\"noopener\">Movistar<\/a>, e intentaste insertar una tarjeta SIM de otro operador y no funcion\u00f3, eso ya es un claro indicio de que el equipo viene con un bloqueo de red. Sin embargo, hay otras razones por las cuales esto puede estar pasando (<a href=\"https:\/\/www.gob.pe\/1170-consultar-si-el-imei-de-tu-telefono-celular-se-encuentra-registrado-como-robado-perdido-o-desbloqueado-checa-tu-imei\" target=\"_blank\" rel=\"noopener\">el celular puede tener el IMEI reportado<\/a> o puede tener problemas t\u00e9cnicos), as\u00ed que es muy importante confirmar que este s\u00ed sea el problema con el que se est\u00e1 lidiando. \u00a1Veamos juntos otras formas para confirmar el estado de bloqueo de red de tu celular!<\/p><h3>Haz una consulta de IMEI usando una p\u00e1gina de verificaci\u00f3n online<\/h3><p>En internet hay muchas plataformas que te pueden ayudar a confirmar si tu dispositivo fue bloqueado a una red telef\u00f3nica espec\u00edfica o no, lo cual se logra usando el n\u00famero IMEI del equipo. La que nosotros recomendamos es la p\u00e1gina de <a href=\"https:\/\/imei.org\/es\/check-imei\/sim-lock\" target=\"_blank\" rel=\"noopener\">verificaci\u00f3n de estado de bloqueo SIM IMEI.org<\/a>, la cual no cobra nada por la consulta y te da el resultado en unos segundos con bastante exactitud.<\/p><h3>Revisa si tu m\u00f3vil viene bloqueado desde su app de configuraciones<\/h3><p>Todos los tel\u00e9fonos celulares tienen esta informaci\u00f3n en la aplicaci\u00f3n de ajustes, solo que el proceso cambia un poco dependiendo de la marca espec\u00edfica del equipo. Si tu tienes un <a href=\"https:\/\/www.apple.com\/la\/iphone\/buy\/pe\/\" target=\"_blank\" rel=\"noopener\">iPhone<\/a>, lo que tienes que hacer es ir a ajustes, luego a\u00a0 &#8220;general&#8221;, y luego a &#8220;informaci\u00f3n&#8221;. Despu\u00e9s, tendr\u00e1s que bajar hasta encontrar la secci\u00f3n que dice &#8220;Bloqueo de operador&#8221;, all\u00ed te tendr\u00eda que salir &#8220;Sin restricciones de SIM&#8221;, de lo contrario el equipo est\u00e1 bloqueado.<\/p><p>Ahora, si tu no tienes un dispositivo iOS sino un Android, las instrucciones cambiar\u00e1n un poco, as\u00ed que mira las instrucciones en esta gu\u00eda para aprender c\u00f3mo hacerlo en celulares que usan AndroidOS como, por ejemplo, <a href=\"https:\/\/xiaomioficial.pe\" target=\"_blank\" rel=\"noopener\">Xiaomi<\/a>, Nokia, <a href=\"https:\/\/www.motorola.com.pe\" target=\"_blank\" rel=\"noopener\">Motorola<\/a>, LG, <a href=\"https:\/\/www.samsung.com\/pe\/smartphones\/galaxy-s24-ultra\/buy\/?cid=pe_pd_ppc_google_multi_ecommerce_aon-mx-brandseries-conversion-shop-search-obg_text_text-none-none-galaxys-buyscom-20240415-pdp-lauching-none_21030443976-159248027259-kwd-338912770693-696559673972-samsung+peru&amp;gad_source=1&amp;gclid=CjwKCAjwoPOwBhAeEiwAJuXRhzgcDHPDcQaa-Vt_6Gi0_Mmj1bt94bK5JL2zN9KgZ5twqL2ladsxdxoCDm0QAvD_BwE\" target=\"_blank\" rel=\"noopener\">Samsung<\/a>, entre otros.<\/p><h2>C\u00f3mo desbloquear o liberar celulares gratis con el operador: Pasos y pol\u00edticas<\/h2><p>Si ya hiciste las verificaciones necesarias y confirmaste que tu equipo m\u00f3vil definitivamente tiene una restricci\u00f3n de SIM de red, lo que sigue es revisar tus opciones para eliminar ese bloqueo. La primera opci\u00f3n siempre es liberar tu tel\u00e9fono con la compa\u00f1\u00eda de telefon\u00eda que lo bloque\u00f3, pero hay que tener en cuenta que debes cumplir ciertos requisitos y completar ciertos procesos para que se te apruebe la solicitud. Veamos c\u00f3mo funciona todo el tema de desbloquear celulares con <a href=\"https:\/\/www.veninformado.pe\/vivir-en-peru\/vida-en-peru\/telefonia-movil\/#:~:text=Movistar,telefon\u00eda+satelital+para+zonas+rurales)\" target=\"_blank\" rel=\"noopener\">los principales operadores en Per\u00fa<\/a>.<\/p><h3>\u00bfC\u00f3mo es el proceso de liberaci\u00f3n de tel\u00e9fonos Claro Per\u00fa?<\/h3><p>El proceso de desbloqueo con Claro es bastante sencillo porque ellos cuentan con un m\u00f3dulo virtual en su p\u00e1gina web oficial. All\u00ed podr\u00e1s <a href=\"https:\/\/www.claro.com.pe\/desbloquea-tu-celular\/\" target=\"_blank\" rel=\"noopener\">hacer la solicitud para liberar tu m\u00f3vil de Claro<\/a> solo con el c\u00f3digo IMEI del mismo, pero de todos modos, tambi\u00e9n puedes <a href=\"https:\/\/comunidad.claro.com.pe\/t5\/M\u00f3vil\/C\u00f3mo-puedo-llamar-a-atenci\u00f3n-al-cliente-de-Claro-desde-otro\/td-p\/59069\" target=\"_blank\" rel=\"noopener\">llamar al equipo de servicio al cliente de Claro <\/a>para completar el proceso por tel\u00e9fono.<\/p><h3>\u00bfC\u00f3mo liberar un m\u00f3vil bloqueado a Movistar Per\u00fa?<\/h3><p>Solicitar el c\u00f3digo de desbloqueo de tu celular no es tan sencillo ya que ellos no tienen informaci\u00f3n sobre estos bloqueos en su p\u00e1gina web (y tampoco tienen habilitada ninguna p\u00e1gina de liberaci\u00f3n). Lo que tienes que hacer es <a href=\"https:\/\/selectra.com.pe\/empresas\/movistar\/desbloquear\" target=\"_blank\" rel=\"noopener\">llamar directamente al departamento de soporte al usuario de Movistar<\/a> y seguir los pasos que te vayan diciendo ellos, aunque ten en cuenta de que probablemente te toque ir presencialmente.<\/p><h3>\u00bfC\u00f3mo liberar un celular bloqueado a Entel o Bitel?<\/h3><p>El proceso para<a href=\"https:\/\/www.entel.pe\/empresas\/desbloqueo\/\" target=\"_blank\" rel=\"noopener\"> obtener el c\u00f3digo SIMlock de tu m\u00f3vil Entel<\/a> es bastante sencillo, puedes visitar cualquiera de las sucursales de la compa\u00f1\u00eda telef\u00f3nica, llam\u00e1ndolos, o <a href=\"http:\/\/mi.entel.pe\/portal\/server.pt?uuID={873E122D-A2AC-367F-5A21-ACA304BE3000}&amp;mode=2\" target=\"_blank\" rel=\"noopener\">haciendo la solicitud en l\u00ednea<\/a>. Por otro lado, como <a href=\"https:\/\/bitel.com.pe\" target=\"_blank\" rel=\"noopener\">Bitel<\/a> no bloquea celulares desde hace varios a\u00f1os, con ellos el proceso a seguir tiene que ser de manera presencial en una de sus tiendas o por v\u00eda telef\u00f3nica.<\/p><h2>\u00bfC\u00f3mo puedo desbloquear un celular online sin contactarme con el operador?<\/h2><p>Hay muchas razones por las cuales el operador original de tu tel\u00e9fono puede negar tu solicitud de liberaci\u00f3n, a pesar de que no lo digan expl\u00edcitamente, hay muchos requisitos y condiciones que se tienen que cumplir. Sin embargo, liberar o desbloquear tu tel\u00e9fono sin tener que llamar a la compa\u00f1\u00eda de telefon\u00eda celular es muy sencillo si usas la herramienta correcta, como la que ofrecemos en <a href=\"https:\/\/safeunlocks.com\/es\/carrier-unlock\/\" target=\"_blank\" rel=\"noopener\">SafeUnlocks<\/a>.<\/p><h3>\u00bfC\u00f3mo desbloquear un dispositivo m\u00f3vil de segunda mano?<\/h3><p>Liberar tu equipo para poder usarlo con cualquier operador s\u00ed es posible gracias a la plataforma que ha desarrollado <a href=\"https:\/\/safeunlocks.com\/es\/carrier-unlock\/\" target=\"_blank\" rel=\"noopener\">SafeUnlocks<\/a>, esto sin importar si el dispositivo es de segunda mano. Realmente no importa si no cuentas con la prueba de compra del tel\u00e9fono o si <a href=\"https:\/\/simple.ripley.com.pe\/tecnologia\/celulares\/reacondicionados\" target=\"_blank\" rel=\"noopener\">el celular es remanufacturado<\/a> o comprado usado, la liberaci\u00f3n de tu equipo se podr\u00e1 hacer y solo vas a necesitar:<\/p><ul><li><a href=\"https:\/\/elcomercio.pe\/respuestas\/tramites\/que-es-el-codigo-imei-para-que-sirve-y-como-saber-si-tu-celular-esta-registrado-como-robado-perdido-o-desbloqueado-tramites-osiptel-revtli-tdex-noticia\/\" target=\"_blank\" rel=\"noopener\">Los 15 d\u00edgitos del IMEI del celular<\/a>.<\/li><li>La marca y modelo del equipo.<\/li><li>De 10 a 20 minutos para liberarlo.<\/li><\/ul><h3>\u00bfEs posible desbloquear un celular americano?<\/h3><p>Claro que s\u00ed, de hecho, esta es una solicitud que recibimos muy seguido porque muchos usuarios compran sus dispositivos en el extranjero pensando que podr\u00e1n utilizar cualquier red pero resulta que no. No te preocupes por nada porque con <a href=\"https:\/\/safeunlocks.com\/es\/carrier-unlock\/\" target=\"_blank\" rel=\"noopener\">SafeUnlocks<\/a>, no importa si estamos hablando de un operador americano como <a href=\"https:\/\/www.att.com\" target=\"_blank\" rel=\"noopener\">AT&amp;T<\/a> o <a href=\"https:\/\/www.t-mobile.com\" target=\"_blank\" rel=\"noopener\">T-Mobile<\/a>, de uno europeo como <a href=\"https:\/\/www.orange.es\" target=\"_blank\" rel=\"noopener\">Orange<\/a> o <a href=\"https:\/\/www.vodafone.es\/c\/particulares\/es\/\" target=\"_blank\" rel=\"noopener\">Vodafone<\/a>, o uno de otro pa\u00eds en Latinoam\u00e9rica como <a href=\"https:\/\/www.telcel.com\" target=\"_blank\" rel=\"noopener\">Telcel<\/a>. \u00a1De todos modos podr\u00e1s hacer este proceso de manera sencilla y sin ning\u00fan tipo de restricciones!<\/p><h2>Instrucciones para desbloquear celulares con el servicio en l\u00ednea de SafeUnlocks<\/h2><p>Desbloquear un celular de cualquier compa\u00f1\u00eda con nosotros es muy f\u00e1cil por lo que todo es automatizado y casi todo se hace desde nuestros servidores remotos; adem\u00e1s, funciona con m\u00f3viles de cualquier marca como <a href=\"https:\/\/consumer.huawei.com\/pe\/\" target=\"_blank\" rel=\"noopener\">Huawei<\/a>, Apple, <a href=\"https:\/\/zte.pe\" target=\"_blank\" rel=\"noopener\">ZTE<\/a>, <a href=\"https:\/\/www.alcatelmobile.com\/pe\/\" target=\"_blank\" rel=\"noopener\">Alcatel<\/a>, y muchos m\u00e1s. Todo lo que tienes que hacer es<a href=\"https:\/\/safeunlocks.com\/es\/carrier-unlock\/\" target=\"_blank\" rel=\"noopener\"> visitar SafeUnlocks.com<\/a>, ir a la secci\u00f3n para bloqueo de operador, ingresar tus datos personales, y seguir los pasos que se te vayan dando para <a href=\"https:\/\/puretecno.com\/nck-de-desbloqueo-de-sim\/\" target=\"_blank\" rel=\"noopener\">generar tu c\u00f3digo NCK de liberaci\u00f3n<\/a>.<\/p><h3>\u00bfCu\u00e1nto cuesta liberar un celular bloqueado a su operador en Per\u00fa?<\/h3><p>Bueno, esto realmente depende del servicio de liberaci\u00f3n que vayas a usar porque hay un rango muy grande de precios dependiendo de la plataforma que busques, la marca y valor comercial de tu m\u00f3vil, etc. Sin embargo, en <a href=\"https:\/\/safeunlocks.com\/es\/carrier-unlock\/\" target=\"_blank\" rel=\"noopener\">SafeUnlocks<\/a> ofrecemos una tarifa bastante asequible para desbloquear tu celular, la cual es un cobro \u00fanico de $1 por cada celular a desbloquear y que cubre la generaci\u00f3n de tu c\u00f3digo NCK.<\/p><h3>\u00bfC\u00f3mo debo usar mi c\u00f3digo de desbloqueo de SIM?<\/h3><p>Una vez lo hayamos generado y tengas el n\u00famero a la mano, solo vas a necesitar<a href=\"https:\/\/support.google.com\/android\/answer\/12759275?hl=es-419\" target=\"_blank\" rel=\"noopener\"> insertar en el dispositivo una tarjeta SIM<\/a> de cualquier otro operador que no sea el que lo estaba bloqueando. Cuando hagas eso, te va a salir una notificaci\u00f3n diciendo que esa SIM no es v\u00e1lida y que ingreses tu c\u00f3digo NCK (el que te creamos), as\u00ed que ingr\u00e9salo y listo, eso va a liberar tu celular completa y permanentemente.<\/p>\t\t\t\t\t\t\t\t<\/div>\n\t\t\t\t<\/div>\n\t\t\t\t\t<\/div>\n\t\t<\/div>\n\t\t\t\t\t<\/div>\n\t\t<\/section>\n\t\t\t\t<\/div>\n\t\t","protected":false},"excerpt":{"rendered":"<p>Desbloqueo de Operador Per\u00fa Elimina el bloqueo del operador en tu tel\u00e9fono peruano. SafeUnlocks es una herramienta compatible con todos los operadores a nivel nacional e internacional. Elimina las restricciones de tu operador y comienza a disfrutar de todos los beneficios, tales como ahorrar dinero con los nuevos operadores que llegan al pa\u00eds. Te invitamos [&hellip;]<\/p>\n","protected":false},"author":7,"featured_media":0,"parent":0,"menu_order":0,"comment_status":"closed","ping_status":"closed","template":"","meta":{"footnotes":""},"class_list":["post-68234","page","type-page","status-publish","hentry"],"_links":{"self":[{"href":"https:\/\/safeunlocks.com\/es\/wp-json\/wp\/v2\/pages\/68234","targetHints":{"allow":["GET"]}}],"collection":[{"href":"https:\/\/safeunlocks.com\/es\/wp-json\/wp\/v2\/pages"}],"about":[{"href":"https:\/\/safeunlocks.com\/es\/wp-json\/wp\/v2\/types\/page"}],"author":[{"embeddable":true,"href":"https:\/\/safeunlocks.com\/es\/wp-json\/wp\/v2\/users\/7"}],"replies":[{"embeddable":true,"href":"https:\/\/safeunlocks.com\/es\/wp-json\/wp\/v2\/comments?post=68234"}],"version-history":[{"count":0,"href":"https:\/\/safeunlocks.com\/es\/wp-json\/wp\/v2\/pages\/68234\/revisions"}],"wp:attachment":[{"href":"https:\/\/safeunlocks.com\/es\/wp-json\/wp\/v2\/media?parent=68234"}],"curies":[{"name":"wp","href":"https:\/\/api.w.org\/{rel}","templated":true}]}}