{"id":68225,"date":"2024-04-16T10:26:50","date_gmt":"2024-04-16T10:26:50","guid":{"rendered":"https:\/\/safeunlocks.com\/es\/?page_id=68225"},"modified":"2024-07-22T14:20:38","modified_gmt":"2024-07-22T14:20:38","slug":"desbloqueo-de-operador-mexico","status":"publish","type":"page","link":"https:\/\/safeunlocks.com\/es\/carrier-unlock\/mexico","title":{"rendered":"Desbloqueo de Operador Mexico"},"content":{"rendered":"\t\t<div data-elementor-type=\"wp-page\" data-elementor-id=\"68225\" class=\"elementor elementor-68225\" data-elementor-post-type=\"page\">\n\t\t\t\t\t\t<section class=\"elementor-section elementor-top-section elementor-element elementor-element-31674f9 elementor-section-boxed elementor-section-height-default elementor-section-height-default\" data-id=\"31674f9\" data-element_type=\"section\" data-e-type=\"section\">\n\t\t\t\t\t\t<div class=\"elementor-container elementor-column-gap-default\">\n\t\t\t\t\t<div class=\"elementor-column elementor-col-100 elementor-top-column elementor-element elementor-element-9cc5de7\" data-id=\"9cc5de7\" data-element_type=\"column\" data-e-type=\"column\">\n\t\t\t<div class=\"elementor-widget-wrap elementor-element-populated\">\n\t\t\t\t\t\t<div class=\"elementor-element elementor-element-35649c4 elementor-widget elementor-widget-heading\" data-id=\"35649c4\" data-element_type=\"widget\" data-e-type=\"widget\" data-widget_type=\"heading.default\">\n\t\t\t\t<div class=\"elementor-widget-container\">\n\t\t\t\t\t<h2 class=\"elementor-heading-title elementor-size-default\">Desbloqueo de Operador M\u00e9xico<\/h2>\t\t\t\t<\/div>\n\t\t\t\t<\/div>\n\t\t\t\t<div class=\"elementor-element elementor-element-c552d29 elementor-widget elementor-widget-spacer\" data-id=\"c552d29\" data-element_type=\"widget\" data-e-type=\"widget\" data-widget_type=\"spacer.default\">\n\t\t\t\t<div class=\"elementor-widget-container\">\n\t\t\t\t\t\t\t<div class=\"elementor-spacer\">\n\t\t\t<div class=\"elementor-spacer-inner\"><\/div>\n\t\t<\/div>\n\t\t\t\t\t\t<\/div>\n\t\t\t\t<\/div>\n\t\t\t\t\t<\/div>\n\t\t<\/div>\n\t\t\t\t\t<\/div>\n\t\t<\/section>\n\t\t\t\t<section class=\"elementor-section elementor-top-section elementor-element elementor-element-878e907 elementor-section-boxed elementor-section-height-default elementor-section-height-default\" data-id=\"878e907\" data-element_type=\"section\" data-e-type=\"section\">\n\t\t\t\t\t\t<div class=\"elementor-container elementor-column-gap-default\">\n\t\t\t\t\t<div class=\"elementor-column elementor-col-50 elementor-top-column elementor-element elementor-element-00988ba\" data-id=\"00988ba\" data-element_type=\"column\" data-e-type=\"column\">\n\t\t\t<div class=\"elementor-widget-wrap elementor-element-populated\">\n\t\t\t\t\t\t<div class=\"elementor-element elementor-element-3e68077 elementor-widget elementor-widget-text-editor\" data-id=\"3e68077\" data-element_type=\"widget\" data-e-type=\"widget\" data-widget_type=\"text-editor.default\">\n\t\t\t\t<div class=\"elementor-widget-container\">\n\t\t\t\t\t\t\t\t\t<p>Desbloquea tu dispositivo Mexicano del operador con SafeUnlocks. Con nuestra herramienta podr\u00e1s eliminar cualquier restricci\u00f3n del operador en tan solo minutos. Esta herramienta es totalmente en l\u00ednea, por lo cual no necesitas realizar ning\u00fan tipo de descarga o instalaci\u00f3n de extensiones. Te invitamos a usar esta herramienta para tener la libertad que mereces.<\/p>\t\t\t\t\t\t\t\t<\/div>\n\t\t\t\t<\/div>\n\t\t\t\t<div class=\"elementor-element elementor-element-6b35984 elementor-align-center elementor-widget elementor-widget-button\" data-id=\"6b35984\" data-element_type=\"widget\" data-e-type=\"widget\" data-widget_type=\"button.default\">\n\t\t\t\t<div class=\"elementor-widget-container\">\n\t\t\t\t\t\t\t\t\t<div class=\"elementor-button-wrapper\">\n\t\t\t\t\t<a class=\"elementor-button elementor-button-link elementor-size-sm\" href=\"https:\/\/safeunlocks.com\/es\/carrier-unlock\/\">\n\t\t\t\t\t\t<span class=\"elementor-button-content-wrapper\">\n\t\t\t\t\t\t\t\t\t<span class=\"elementor-button-text\">Desbloqueo de Operador M\u00e9xico<\/span>\n\t\t\t\t\t<\/span>\n\t\t\t\t\t<\/a>\n\t\t\t\t<\/div>\n\t\t\t\t\t\t\t\t<\/div>\n\t\t\t\t<\/div>\n\t\t\t\t\t<\/div>\n\t\t<\/div>\n\t\t\t\t<div class=\"elementor-column elementor-col-50 elementor-top-column elementor-element elementor-element-ea3787a\" data-id=\"ea3787a\" data-element_type=\"column\" data-e-type=\"column\">\n\t\t\t<div class=\"elementor-widget-wrap elementor-element-populated\">\n\t\t\t\t\t\t<div class=\"elementor-element elementor-element-a531870 elementor-align-center elementor-widget elementor-widget-lottie\" data-id=\"a531870\" data-element_type=\"widget\" data-e-type=\"widget\" data-settings=\"{&quot;source_json&quot;:{&quot;url&quot;:&quot;https:\\\/\\\/safeunlocks.com\\\/es\\\/wp-content\\\/uploads\\\/2024\\\/04\\\/Animation-1713263083460.json&quot;,&quot;id&quot;:68227,&quot;size&quot;:&quot;&quot;,&quot;alt&quot;:&quot;&quot;,&quot;source&quot;:&quot;library&quot;},&quot;loop&quot;:&quot;yes&quot;,&quot;source&quot;:&quot;media_file&quot;,&quot;caption_source&quot;:&quot;none&quot;,&quot;link_to&quot;:&quot;none&quot;,&quot;trigger&quot;:&quot;arriving_to_viewport&quot;,&quot;viewport&quot;:{&quot;unit&quot;:&quot;%&quot;,&quot;size&quot;:&quot;&quot;,&quot;sizes&quot;:{&quot;start&quot;:0,&quot;end&quot;:100}},&quot;play_speed&quot;:{&quot;unit&quot;:&quot;px&quot;,&quot;size&quot;:1,&quot;sizes&quot;:[]},&quot;start_point&quot;:{&quot;unit&quot;:&quot;%&quot;,&quot;size&quot;:0,&quot;sizes&quot;:[]},&quot;end_point&quot;:{&quot;unit&quot;:&quot;%&quot;,&quot;size&quot;:100,&quot;sizes&quot;:[]},&quot;renderer&quot;:&quot;svg&quot;}\" data-widget_type=\"lottie.default\">\n\t\t\t\t<div class=\"elementor-widget-container\">\n\t\t\t\t\t<div class=\"e-lottie__container\"><div class=\"e-lottie__animation\"><\/div><\/div>\t\t\t\t<\/div>\n\t\t\t\t<\/div>\n\t\t\t\t\t<\/div>\n\t\t<\/div>\n\t\t\t\t\t<\/div>\n\t\t<\/section>\n\t\t\t\t<section class=\"elementor-section elementor-top-section elementor-element elementor-element-5668322 elementor-section-boxed elementor-section-height-default elementor-section-height-default\" data-id=\"5668322\" data-element_type=\"section\" data-e-type=\"section\">\n\t\t\t\t\t\t<div class=\"elementor-container elementor-column-gap-default\">\n\t\t\t\t\t<div class=\"elementor-column elementor-col-100 elementor-top-column elementor-element elementor-element-f67e5e8\" data-id=\"f67e5e8\" data-element_type=\"column\" data-e-type=\"column\">\n\t\t\t<div class=\"elementor-widget-wrap elementor-element-populated\">\n\t\t\t\t\t\t<div class=\"elementor-element elementor-element-93f7eb3 elementor-widget elementor-widget-spacer\" data-id=\"93f7eb3\" data-element_type=\"widget\" data-e-type=\"widget\" data-widget_type=\"spacer.default\">\n\t\t\t\t<div class=\"elementor-widget-container\">\n\t\t\t\t\t\t\t<div class=\"elementor-spacer\">\n\t\t\t<div class=\"elementor-spacer-inner\"><\/div>\n\t\t<\/div>\n\t\t\t\t\t\t<\/div>\n\t\t\t\t<\/div>\n\t\t\t\t\t<\/div>\n\t\t<\/div>\n\t\t\t\t\t<\/div>\n\t\t<\/section>\n\t\t\t\t<section class=\"elementor-section elementor-top-section elementor-element elementor-element-a28efe2 elementor-section-boxed elementor-section-height-default elementor-section-height-default\" data-id=\"a28efe2\" data-element_type=\"section\" data-e-type=\"section\">\n\t\t\t\t\t\t<div class=\"elementor-container elementor-column-gap-default\">\n\t\t\t\t\t<div class=\"elementor-column elementor-col-100 elementor-top-column elementor-element elementor-element-acf98bb\" data-id=\"acf98bb\" data-element_type=\"column\" data-e-type=\"column\">\n\t\t\t<div class=\"elementor-widget-wrap elementor-element-populated\">\n\t\t\t\t\t\t<div class=\"elementor-element elementor-element-c96dc88 elementor-widget elementor-widget-text-editor\" data-id=\"c96dc88\" data-element_type=\"widget\" data-e-type=\"widget\" data-widget_type=\"text-editor.default\">\n\t\t\t\t<div class=\"elementor-widget-container\">\n\t\t\t\t\t\t\t\t\t<p>La gran mayor\u00eda de proveedores de servicios telef\u00f3nicos en M\u00e9xico bloquean los tel\u00e9fonos celulares que venden (a su red m\u00f3vil) con la finalidad de evitar que los usuarios cambien de operador y usen los servicios de la competencia. Sin embargo, actualmente eso ya no es un problema gracias al servicio de liberaci\u00f3n de red que ofrece <a href=\"https:\/\/safeunlocks.com\/es\/carrier-unlock\/\" target=\"_blank\" rel=\"noopener\">SafeUnlocks<\/a>, el cual puede quitar cualquier restricci\u00f3n sin problema. Sigue leyendo esta gu\u00eda y aprende las principales razones para liberar celulares de su operadora y cu\u00e1l es la mejor alternativa para hacerlo.<\/p><h2>Beneficios de liberar un smartphone para usarlo con cualquier compa\u00f1\u00eda en M\u00e9xico<\/h2><p>Desbloquear un tel\u00e9fono cuyas bandas celulares han sido cerradas a una sola red trae muchas ventajas para su usuario final porque, como ya te imaginar\u00e1s, este bloqueo solo beneficia a la compa\u00f1\u00eda telef\u00f3nica. Al final del d\u00eda, todos los<a href=\"https:\/\/www.infodigna.org\/es\/articles\/5158354564631\" target=\"_blank\" rel=\"noopener\"> operadores m\u00f3viles tanto en M\u00e9xico<\/a> como en otros pa\u00edses siempre buscan proteger sus intereses comerciales, y entre esos est\u00e1 que sus usuarios se mantengan usando sus servicios.<\/p><p>De hecho, por si no lo sab\u00edas, todos los celulares son dise\u00f1ados originalmente para funcionar con cualquier red porque as\u00ed vienen programados de f\u00e1brica. Son las mismas compa\u00f1\u00edas de telefon\u00eda m\u00f3vil las que<a href=\"https:\/\/www.youtube.com\/watch?v=OGhz_t_Zdd0\" target=\"_blank\" rel=\"noopener\"> cierran las bandas de los m\u00f3viles<\/a> y restringen su potencial a nivel de conectividad.<\/p><h3>\u00bfQuieres poder usar tu equipo con cualquier red m\u00f3vil sin restricciones?<\/h3><p>Cuando te quitas de encima el bloqueo de SIM que te puso <a href=\"https:\/\/www.celularizado.com\/saber-que-compania-es-un-celular\/\" target=\"_blank\" rel=\"noopener\">el operador original de tu celular<\/a>,\u00a0 ganas control completo para poder elegir cu\u00e1l servicio te conviene m\u00e1s. Vas a pasar de estar limitado a una sola red a tener todo un rango de opciones para poder escoger el operador con mejores beneficios, mejor cobertura, mejores precios, y todo eso. Entonces, esa libertad que uno de por si asumir\u00eda que ya tiene garantizada por ser due\u00f1o leg\u00edtimo del dispositivo, para a ser un hecho, lo que te traer\u00e1 ventajas como:<\/p><ul><li>Escoger los planes que m\u00e1s se adecuen a tu presupuesto.<\/li><li><a href=\"https:\/\/www.mundodeportivo.com\/uncomo\/tecnologia\/articulo\/como-cambiar-una-tarjeta-sim-17717.html\" target=\"_blank\" rel=\"noopener\">Cambiar de SIM card en el celular<\/a> cada que lo necesites sin ning\u00fan problema.\u00a0<\/li><li>Elegir el servicio con mejor cobertura en tu \u00e1rea o que m\u00e1s se adec\u00fae a tus necesidades.<\/li><\/ul><h2>\u00bfTe imaginas poder usar cualquier operador en tu iPhone o Android a nivel mundial?<\/h2><p>Como probablemente sepas, cuando un equipo est\u00e1 bloqueado a una compa\u00f1\u00eda de telefon\u00eda celular, no se puede usar en el extranjero (o \u00e1reas fuera de cobertura) a menos que pagues ciertos cargos por itinerancia de datos que son bastante costosos. De hecho, es por eso que las personas que viajan mucho suelen usan una <a href=\"https:\/\/esim.holafly.com\/es\/?_gl=1*1vk9q8s*_up*MQ..*_ga*MTgyNDY0MDQwOS4xNzEyOTY3MDkx*_ga_04ZDDWYPXE*MTcxMjk2NzA5MC4xLjAuMTcxMjk2NzA5MC4wLjAuMTgzODUyNzUzNA..&amp;gclid=CjwKCAjwt-OwBhBnEiwAgwzrUpeQS7qUKCN3zv5TQ1hXK-jdFbsSs08POQib8Ii_sFpt68vmN33exxoCXaEQAvD_BwE\" target=\"_blank\" rel=\"noopener\">eSIM de uso internacional como Holafly <\/a>o si no, tienen varias tarjetas SIM locales de cada destino al que van.<\/p><p>Es esa precisamente una de las grandes ventajas que te trae liberar tu celular porque, es que si est\u00e1 desbloqueado, no tiene ninguna restricci\u00f3n por su pa\u00eds y operador de origen, lo cual resulta muy conveniente para aquellos que:<\/p><ul><li>Planean ir a estudiar o trabajar en el extranjero.<\/li><li>Viajan a otras ciudades o pa\u00edses frecuentemente.<\/li><li>Quieren mudarse a otro pa\u00eds pero no quieren tener que cambiar de celular all\u00e1.<\/li><li>Se van a unas vacaciones largas y <a href=\"https:\/\/www.enter.co\/cultura-digital\/tecnoviajero\/al-viajar-activo-roaming-o-compro-una-sim-en-otro-pais\/#:~:text=Si+el+viaje+es+por,un+plan+de+datos+local.\" target=\"_blank\" rel=\"noopener\">preferir\u00edan usar una SIM local temporalmente<\/a>.<\/li><\/ul><h3>\u00bfEs legal quitar el bloqueo de operador de mi celular?<\/h3><p>Claro que s\u00ed, de hecho las mismas compa\u00f1\u00edas telef\u00f3nicas tienen sus propios procesos de liberaci\u00f3n a los que puedes acceder bajo ciertas condiciones, solo tienes que revisar primero si eres elegible o no para obtener tu c\u00f3digo de desbloqueo. De todos modos, a\u00fan si no es directamente con el operador, tambi\u00e9n se puede hacer de forma externa sin ning\u00fan problema.<\/p><p>Solo tienes que asegurarte de no acudir a m\u00e9todos que vayan en contra de los t\u00e9rminos de uso del fabricante de tu equipo y <a href=\"https:\/\/www.lavanguardia.com\/andro4all\/moviles\/garantia-oficial-movil-que-no-cubre#:~:text=Si+se+ha+intentado+abrir,incluso+invalidar+la+garant\u00eda+existente.\" target=\"_blank\" rel=\"noopener\">que puedan invalidar tu garant\u00eda<\/a> como, por ejemplo, <a href=\"https:\/\/www.movilzona.es\/noticias\/problemas\/riesgos-rootear-telefono-2021\/\" target=\"_blank\" rel=\"noopener\">rootear o hacerle jailbreak al m\u00f3vil <\/a>o instalarle programas de fuentes no confiables.<\/p><h2>\u00bfC\u00f3mo s\u00e9 si soy elegible para el proceso de desbloqueo de dispositivo con mi operador?<\/h2><p>Bueno, esto realmente depende de los criterios de liberaci\u00f3n que maneje la compa\u00f1\u00eda telef\u00f3nica en cuesti\u00f3n porque no es lo mismo, por ejemplo, desbloquear un celular <a href=\"https:\/\/www.movistar.com.mx\" target=\"_blank\" rel=\"noopener\">Movistar<\/a> a desbloquear uno de <a href=\"https:\/\/es.trustpilot.com\/review\/telcel.com\" target=\"_blank\" rel=\"noopener\">Telcel<\/a>. Sin embargo, lo que s\u00ed es verdad es que hay ciertos requerimientos b\u00e1sicos que aplican para todos los operadores en general, por ejemplo, el celular no puede <a href=\"https:\/\/www.ift.org.mx\/usuarios-y-audiencias\/consulta-de-imei\" target=\"_blank\" rel=\"noopener\">aparecer reportado en lista negra<\/a> y tienes que haberlo terminado de pagar completamente.<\/p><p>Adem\u00e1s, cabe mencionar que debes estar en buenos t\u00e9rminos con la compa\u00f1\u00eda (sin pagos atrasados en la cuenta ni nada as\u00ed) y debes haber cumplido con la cl\u00e1usula de permanencia forzosa. Ese periodo de permanencia puede variar dependiendo del tipo de contrato que firmaste y de si <a href=\"https:\/\/www.infobae.com\/america\/tecno\/2022\/11\/25\/cual-es-la-diferencia-entre-un-celular-que-se-compra-en-una-tienda-oficial-y-el-que-viene-de-un-operador-movil\/\" target=\"_blank\" rel=\"noopener\">sacaste el celular a cuotas mensuales<\/a>, pero sea cual sea debes cumplir con ese tiempo porque si no te pueden cobrar un cargo por cancelaci\u00f3n anticipada.<\/p><h3>P\u00e1ginas de desbloqueo e informaci\u00f3n de inter\u00e9s de los principales operadores en M\u00e9xico<\/h3><ul><li>Celulares AT&amp;T: <a href=\"https:\/\/www.att.com.mx\/desbloqueo\" target=\"_blank\" rel=\"noopener\">Clic aqu\u00ed.<\/a><\/li><li>Celulares Movistar: <a href=\"https:\/\/www.movistar.com.mx\/atencion-al-cliente\/informacion\/codigo-de-liberacion\" target=\"_blank\" rel=\"noopener\">Clic aqu\u00ed.<\/a><\/li><li>Celulares Telcel: <a href=\"https:\/\/www.telcel.com\/mundo_telcel\/quienes-somos\/corporativo\/desbloquear-equipos\" target=\"_blank\" rel=\"noopener\">Clic aqu\u00ed.<\/a><\/li><li>Celulares Unefon: <a href=\"https:\/\/www.unefon.com.mx\/desbloqueo\/\" target=\"_blank\" rel=\"noopener\">Clic aqu\u00ed.<\/a><\/li><\/ul><h2>\u00bfDe qu\u00e9 se trata el servicio para desbloquear celulares para cualquier SIM de SafeUnlocks?<\/h2><p>El d\u00eda de hoy te queremos presentar la soluci\u00f3n perfecta que encontrar\u00e1s en internet para desbloquear tu celular por IMEI, no importa si estamos hablando de uno de <a href=\"https:\/\/www.samsung.com\/mx\/\" target=\"_blank\" rel=\"noopener\">Samsung<\/a>, <a href=\"https:\/\/www.apple.com\/mx\/iphone\/\" target=\"_blank\" rel=\"noopener\">Apple<\/a>, o cualquier marca y modelo en general. <a href=\"https:\/\/safeunlocks.com\/es\/carrier-unlock\/\" target=\"_blank\" rel=\"noopener\">SafeUnlocks<\/a> es una plataforma con a\u00f1os de trayectoria en la liberaci\u00f3n de celulares en M\u00e9xico, la cual actualmente cuenta con la mejor herramienta para abrir las terminales m\u00f3viles de cualquier equipo en minutos.<\/p><h3>Con SafeUnlocks, \u00a1No importa si no cumples con los requisitos del operador!<\/h3><p>Incluso si tu no eres elegible para realizar el desbloqueo de red directamente con el operador de M\u00e9xico, nosotros te podemos ayudar porque de todos modos somos un tercero y no tenemos que cumplir con las pautas de estas empresas. Entonces, no importa si se firm\u00f3 un contrato que sigue vigente, <a href=\"https:\/\/www.whistleout.com.mx\/CellPhones\/Guides\/plan-de-celular-con-equipo-financiado\" target=\"_blank\" rel=\"noopener\">si el cliente obtuvo el equipo a cuotas <\/a>y no las ha pagado, o cualquier otra cosa, con nosotros no hay restricciones de uso de ning\u00fan tipo.<\/p><h3>\u00bfSe puede liberar un celular gratis para cualquier compa\u00f1\u00eda?<\/h3><p>Esto si es posible si el equipo cumple con los requisitos del operador y puedes solicitar un c\u00f3digo de desbloqueo directamente con ellos. Sin embargo, eso no significa que recibir un c\u00f3digo con una plataforma externa como <a href=\"https:\/\/safeunlocks.com\/es\/carrier-unlock\/\" target=\"_blank\" rel=\"noopener\">SafeUnlocks<\/a> sea costoso, de hecho con tan solo $1 tu tel\u00e9fono quedar\u00e1 liberado de manera permanente (sin costos ocultos, es $1 por equipo desbloqueado).<\/p><h2>Aprende c\u00f3mo liberar un celular (Movistar, AT&amp;T, Telcel, etc.) por IMEI con SafeUnlocks<\/h2><p>Si estabas buscando la forma m\u00e1s segura de <a href=\"https:\/\/puretecno.com\/nck-de-desbloqueo-de-sim\/\" target=\"_blank\" rel=\"noopener\">obtener el c\u00f3digo de liberaci\u00f3n de tu smartphone<\/a>, has llegado al lugar correcto ya que aqu\u00ed todo el proceso es automatizado. Todo lo que tienes que hacer es visitar <a href=\"https:\/\/safeunlocks.com\/es\/carrier-unlock\/\" target=\"_blank\" rel=\"noopener\">SafeUnlocks.com<\/a>, llevar tu cursor a la opci\u00f3n de arriba que dice &#8220;Servicios&#8221;, y escoger la opci\u00f3n para desbloqueo de operador. Una vez all\u00e1, tendr\u00e1s que facilitarnos ciertos datos para que podamos procesar tu solicitud, as\u00ed que te recomendamos tener a la mano:<\/p><ul><li>Tu nombre.<\/li><li>Tu correo.<\/li><li>La marca del celular (Si es <a href=\"https:\/\/mistoremx.com\" target=\"_blank\" rel=\"noopener\">Xiaomi<\/a>, <a href=\"https:\/\/consumer.huawei.com\/mx\/?gad_source=1&amp;gclid=CjwKCAjwoPOwBhAeEiwAJuXRh83MvSVUO2NMUmJeqfAyzviAvvHPX6OT9vvcWPcBeYlLsfcA8oYSOhoC9DUQAvD_BwE\" target=\"_blank\" rel=\"noopener\">Huawei<\/a>, etc.).<\/li><li>El <a href=\"https:\/\/puretecno.com\/como-obtener-tu-imei\/\" target=\"_blank\" rel=\"noopener\">n\u00famero IMEI del equipo<\/a>.<\/li><\/ul><h3>\u00bfQu\u00e9 va a pasar despu\u00e9s de que env\u00ede mi solicitud?<\/h3><p>Luego de ello, tendr\u00e1s que crear una cuenta con nosotros para acceder a nuestra pasarela de cobros y generar el pago de $1 que mencionamos anteriormente. Una vez se procese el pago, la plataforma dise\u00f1ada para desbloquear smartphones de <a href=\"https:\/\/safeunlocks.com\/es\/carrier-unlock\/\" target=\"_blank\" rel=\"noopener\">SafeUnlocks<\/a> empezar\u00e1 el proceso de liberaci\u00f3n autom\u00e1tico (que solo tomar\u00e1 unos minutos). Como puedes ver, esta es la forma m\u00e1s sencilla si quieres liberar tu smartphone, \u00a1as\u00ed que empieza hoy mismo y sigue los pasos mencionados aqu\u00ed!<\/p>\t\t\t\t\t\t\t\t<\/div>\n\t\t\t\t<\/div>\n\t\t\t\t\t<\/div>\n\t\t<\/div>\n\t\t\t\t\t<\/div>\n\t\t<\/section>\n\t\t\t\t<\/div>\n\t\t","protected":false},"excerpt":{"rendered":"<p>Desbloqueo de Operador M\u00e9xico Desbloquea tu dispositivo Mexicano del operador con SafeUnlocks. Con nuestra herramienta podr\u00e1s eliminar cualquier restricci\u00f3n del operador en tan solo minutos. Esta herramienta es totalmente en l\u00ednea, por lo cual no necesitas realizar ning\u00fan tipo de descarga o instalaci\u00f3n de extensiones. Te invitamos a usar esta herramienta para tener la libertad [&hellip;]<\/p>\n","protected":false},"author":7,"featured_media":0,"parent":0,"menu_order":0,"comment_status":"closed","ping_status":"closed","template":"","meta":{"footnotes":""},"class_list":["post-68225","page","type-page","status-publish","hentry"],"_links":{"self":[{"href":"https:\/\/safeunlocks.com\/es\/wp-json\/wp\/v2\/pages\/68225","targetHints":{"allow":["GET"]}}],"collection":[{"href":"https:\/\/safeunlocks.com\/es\/wp-json\/wp\/v2\/pages"}],"about":[{"href":"https:\/\/safeunlocks.com\/es\/wp-json\/wp\/v2\/types\/page"}],"author":[{"embeddable":true,"href":"https:\/\/safeunlocks.com\/es\/wp-json\/wp\/v2\/users\/7"}],"replies":[{"embeddable":true,"href":"https:\/\/safeunlocks.com\/es\/wp-json\/wp\/v2\/comments?post=68225"}],"version-history":[{"count":0,"href":"https:\/\/safeunlocks.com\/es\/wp-json\/wp\/v2\/pages\/68225\/revisions"}],"wp:attachment":[{"href":"https:\/\/safeunlocks.com\/es\/wp-json\/wp\/v2\/media?parent=68225"}],"curies":[{"name":"wp","href":"https:\/\/api.w.org\/{rel}","templated":true}]}}