{"id":1544,"date":"2021-08-16T08:15:29","date_gmt":"2021-08-16T08:15:29","guid":{"rendered":"https:\/\/safeunlocks.com\/es\/?page_id=1544"},"modified":"2024-07-03T22:16:22","modified_gmt":"2024-07-03T22:16:22","slug":"refund-policy","status":"publish","type":"page","link":"https:\/\/safeunlocks.com\/es\/refund-policy\/","title":{"rendered":"Pol\u00edtica de devoluci\u00f3n \/ Refund Policy"},"content":{"rendered":"\n<h3 class=\"wp-block-heading\"><strong>Las siguientes situaciones resultan en una devoluci\u00f3n automatica:<\/strong><\/h3>\n\n\n\n<ul class=\"wp-block-list\">\n<li>Si su tel\u00e9fono no es compatible con las redes de ning\u00fan proveedor, no podremos desbloquearlo.<\/li>\n\n\n\n<li>No podemos reembolsar los dispositivos que hayan sido incluidos en la lista negra, que sigan bloqueados despu\u00e9s del primer intento de desbloqueo o que tengan alg\u00fan tipo de problema de hardware. Si crees que tu dispositivo entra en una de estas categor\u00edas, debes enviarnos un v\u00eddeo que muestre por qu\u00e9 es incompatible.<\/li>\n\n\n\n<li>Los desbloqueos no suelen tardar m\u00e1s de 30 d\u00edas en ser entregados, pero si no se entregan en ese plazo puedes cancelarlos y recibir un reembolso. Trabajamos con los proveedores para exigir el plazo de 30 d\u00edas, por lo que lamentablemente no podemos hacer nada antes.<\/li>\n<\/ul>\n\n\n\n<h3 class=\"wp-block-heading\"><strong>Las siguientes situaciones no permiten la devoluci\u00f3n:<\/strong><\/h3>\n\n\n\n<ul class=\"wp-block-list\">\n<li>A pesar de que su tel\u00e9fono ya ha sido desbloqueado, usted ha hecho un pedido con nosotros. Nuestra presentaci\u00f3n requiere gastos, que se producen como resultado de nuestras acciones.<\/li>\n\n\n\n<li>Has enviado un pedido para liberar tu tel\u00e9fono de varios proveedores y quieres que te devuelvan el dinero. Los gastos de tramitaci\u00f3n de las cancelaciones se deben a que se supone que no vas a intentar cancelar el pedido una vez que lo hayas enviado.<\/li>\n\n\n\n<li>En circunstancias en las que usted cre\u00eda que un desbloqueo entrar\u00eda dentro de los par\u00e1metros acordados en otra red pero no fue as\u00ed, no podemos reembolsar su pago original porque todos los costes ya se han gastado.<\/li>\n\n\n\n<li>Has dado un n\u00famero de IMEI no v\u00e1lido.<\/li>\n\n\n\n<li>Has pedido un servicio de desbloqueo al operador equivocado.<\/li>\n\n\n\n<li>Ha pedido un art\u00edculo por adelantado y su compra no es reembolsable.<\/li>\n\n\n\n<li>Su n\u00famero IMEI ha sido bloqueado, incluido en la lista negra, robado o desaparecido.<\/li>\n\n\n\n<li>Necesitas actualizar tu IMEI.<\/li>\n\n\n\n<li>Si su desbloqueo no funciona &#8211; puede ser causado tanto por problemas legales (una lista negra) como por problemas internos de hardware &#8211; entonces no podemos darle un reembolso porque el servicio ya est\u00e1 terminado. Para evitar esto, por favor aseg\u00farese de que su tel\u00e9fono funciona con la tarjeta SIM y las redes de se\u00f1al antes de utilizarlo para un desbloqueo.<\/li>\n\n\n\n<li>No podemos ofrecer un reembolso si no puedes activar tu iPhone debido a un bloqueo de activaci\u00f3n de iCloud. Puedes comprar y\/o solicitar un desbloqueo de iCloud a un proveedor externo antes de realizar la compra con nosotros o comprobar si hay alg\u00fan bloqueo similar en https:\/\/www.icloud.com\/activationlock\/.<\/li>\n<\/ul>\n","protected":false},"excerpt":{"rendered":"<p>Las siguientes situaciones resultan en una devoluci\u00f3n automatica: Las siguientes situaciones no permiten la devoluci\u00f3n:<\/p>\n","protected":false},"author":7,"featured_media":0,"parent":0,"menu_order":0,"comment_status":"closed","ping_status":"closed","template":"","meta":{"footnotes":""},"class_list":["post-1544","page","type-page","status-publish","hentry"],"_links":{"self":[{"href":"https:\/\/safeunlocks.com\/es\/wp-json\/wp\/v2\/pages\/1544","targetHints":{"allow":["GET"]}}],"collection":[{"href":"https:\/\/safeunlocks.com\/es\/wp-json\/wp\/v2\/pages"}],"about":[{"href":"https:\/\/safeunlocks.com\/es\/wp-json\/wp\/v2\/types\/page"}],"author":[{"embeddable":true,"href":"https:\/\/safeunlocks.com\/es\/wp-json\/wp\/v2\/users\/7"}],"replies":[{"embeddable":true,"href":"https:\/\/safeunlocks.com\/es\/wp-json\/wp\/v2\/comments?post=1544"}],"version-history":[{"count":0,"href":"https:\/\/safeunlocks.com\/es\/wp-json\/wp\/v2\/pages\/1544\/revisions"}],"wp:attachment":[{"href":"https:\/\/safeunlocks.com\/es\/wp-json\/wp\/v2\/media?parent=1544"}],"curies":[{"name":"wp","href":"https:\/\/api.w.org\/{rel}","templated":true}]}}